{"id":790,"date":"2019-09-11T11:47:09","date_gmt":"2019-09-11T11:47:09","guid":{"rendered":"http:\/\/www.grandkrust.com\/?page_id=790"},"modified":"2024-09-06T15:33:27","modified_gmt":"2024-09-06T15:33:27","slug":"productos","status":"publish","type":"page","link":"https:\/\/www.grandkrust.com\/it","title":{"rendered":"Home"},"content":{"rendered":"<h2 class=\"title__group__m f20 w100\">Dietro ogni prodotto Grand Krust c\u2019\u00e8 una storia di pi\u00f9 di 50 anni di esperienza, passione per la pesca, qualit\u00e0 di prodotto, innovazione nei trattamenti e rispetto per il mare. Crediamo in un mondo pi\u00f9 sostenibile e per questo pi\u00f9 ricco. E pi\u00f9 saporito, ovviamente. Provaci!<\/h2>\n","protected":false},"excerpt":{"rendered":"<p>Dietro ogni prodotto Grand Krust c\u2019\u00e8 una storia di pi\u00f9 di 50 anni di esperienza, passione per la pesca, qualit\u00e0 di prodotto, innovazione nei trattamenti e rispetto per il mare. Crediamo in un mondo pi\u00f9 sostenibile e per questo pi\u00f9<\/p>\n","protected":false},"author":1,"featured_media":0,"parent":0,"menu_order":1,"comment_status":"closed","ping_status":"closed","template":"page-templates\/template-home.php","meta":{"inline_featured_image":false,"_glsr_average":0,"_glsr_ranking":0,"_glsr_reviews":0,"footnotes":""},"class_list":["post-790","page","type-page","status-publish","hentry"],"yoast_head":"<!-- This site is optimized with the Yoast SEO plugin v23.6 - https:\/\/yoast.com\/wordpress\/plugins\/seo\/ -->\n<title>Home - Marisco y Pescado Salvaje - Grand Krust<\/title>\n<meta name=\"robots\" content=\"index, follow, max-snippet:-1, max-image-preview:large, max-video-preview:-1\" \/>\n<link rel=\"canonical\" href=\"https:\/\/www.grandkrust.com\/it\" \/>\n<meta property=\"og:locale\" content=\"it_IT\" \/>\n<meta property=\"og:type\" content=\"article\" \/>\n<meta property=\"og:title\" content=\"Home - Marisco y Pescado Salvaje - Grand Krust\" \/>\n<meta property=\"og:description\" content=\"Dietro ogni prodotto Grand Krust c\u2019\u00e8 una storia di pi\u00f9 di 50 anni di esperienza, passione per la pesca, qualit\u00e0 di prodotto, innovazione nei trattamenti e rispetto per il mare. Crediamo in un mondo pi\u00f9 sostenibile e per questo pi\u00f9\" \/>\n<meta property=\"og:url\" content=\"https:\/\/www.grandkrust.com\/it\" \/>\n<meta property=\"og:site_name\" content=\"Marisco y Pescado Salvaje - Grand Krust\" \/>\n<meta property=\"article:modified_time\" content=\"2024-09-06T15:33:27+00:00\" \/>\n<meta name=\"twitter:card\" content=\"summary_large_image\" \/>\n<script type=\"application\/ld+json\" class=\"yoast-schema-graph\">{\"@context\":\"https:\/\/schema.org\",\"@graph\":[{\"@type\":\"WebPage\",\"@id\":\"https:\/\/www.grandkrust.com\/it\",\"url\":\"https:\/\/www.grandkrust.com\/it\",\"name\":\"Home - Marisco y Pescado Salvaje - Grand Krust\",\"isPartOf\":{\"@id\":\"https:\/\/www.grandkrust.com\/it#website\"},\"datePublished\":\"2019-09-11T11:47:09+00:00\",\"dateModified\":\"2024-09-06T15:33:27+00:00\",\"breadcrumb\":{\"@id\":\"https:\/\/www.grandkrust.com\/it#breadcrumb\"},\"inLanguage\":\"it-IT\",\"potentialAction\":[{\"@type\":\"ReadAction\",\"target\":[\"https:\/\/www.grandkrust.com\/it\"]}]},{\"@type\":\"BreadcrumbList\",\"@id\":\"https:\/\/www.grandkrust.com\/it#breadcrumb\",\"itemListElement\":[{\"@type\":\"ListItem\",\"position\":1,\"name\":\"Portada\",\"item\":\"https:\/\/www.grandkrust.com\/it\"},{\"@type\":\"ListItem\",\"position\":2,\"name\":\"Home\"}]},{\"@type\":\"WebSite\",\"@id\":\"https:\/\/www.grandkrust.com\/it#website\",\"url\":\"https:\/\/www.grandkrust.com\/it\",\"name\":\"Marisco y Pescado Salvaje - Grand Krust\",\"description\":\"\",\"publisher\":{\"@id\":\"https:\/\/www.grandkrust.com\/it#organization\"},\"potentialAction\":[{\"@type\":\"SearchAction\",\"target\":{\"@type\":\"EntryPoint\",\"urlTemplate\":\"https:\/\/www.grandkrust.com\/it?s={search_term_string}\"},\"query-input\":{\"@type\":\"PropertyValueSpecification\",\"valueRequired\":true,\"valueName\":\"search_term_string\"}}],\"inLanguage\":\"it-IT\"},{\"@type\":\"Organization\",\"@id\":\"https:\/\/www.grandkrust.com\/it#organization\",\"name\":\"GrandKrust\",\"alternateName\":\"Grand Krust\",\"url\":\"https:\/\/www.grandkrust.com\/it\",\"logo\":{\"@type\":\"ImageObject\",\"inLanguage\":\"it-IT\",\"@id\":\"https:\/\/www.grandkrust.com\/it#\/schema\/logo\/image\/\",\"url\":\"https:\/\/www.grandkrust.com\/wp-content\/uploads\/2024\/09\/cropped-GK_logo-2.jpeg\",\"contentUrl\":\"https:\/\/www.grandkrust.com\/wp-content\/uploads\/2024\/09\/cropped-GK_logo-2.jpeg\",\"width\":512,\"height\":512,\"caption\":\"GrandKrust\"},\"image\":{\"@id\":\"https:\/\/www.grandkrust.com\/it#\/schema\/logo\/image\/\"},\"sameAs\":[\"https:\/\/www.instagram.com\/grandkrust\/\",\"https:\/\/www.tiktok.com\/@grandkrust\",\"https:\/\/www.youtube.com\/c\/GrandKrust\"]}]}<\/script>\n<!-- \/ Yoast SEO plugin. -->","yoast_head_json":{"title":"Home - Marisco y Pescado Salvaje - Grand Krust","robots":{"index":"index","follow":"follow","max-snippet":"max-snippet:-1","max-image-preview":"max-image-preview:large","max-video-preview":"max-video-preview:-1"},"canonical":"https:\/\/www.grandkrust.com\/it","og_locale":"it_IT","og_type":"article","og_title":"Home - Marisco y Pescado Salvaje - Grand Krust","og_description":"Dietro ogni prodotto Grand Krust c\u2019\u00e8 una storia di pi\u00f9 di 50 anni di esperienza, passione per la pesca, qualit\u00e0 di prodotto, innovazione nei trattamenti e rispetto per il mare. Crediamo in un mondo pi\u00f9 sostenibile e per questo pi\u00f9","og_url":"https:\/\/www.grandkrust.com\/it","og_site_name":"Marisco y Pescado Salvaje - Grand Krust","article_modified_time":"2024-09-06T15:33:27+00:00","twitter_card":"summary_large_image","schema":{"@context":"https:\/\/schema.org","@graph":[{"@type":"WebPage","@id":"https:\/\/www.grandkrust.com\/it","url":"https:\/\/www.grandkrust.com\/it","name":"Home - Marisco y Pescado Salvaje - Grand Krust","isPartOf":{"@id":"https:\/\/www.grandkrust.com\/it#website"},"datePublished":"2019-09-11T11:47:09+00:00","dateModified":"2024-09-06T15:33:27+00:00","breadcrumb":{"@id":"https:\/\/www.grandkrust.com\/it#breadcrumb"},"inLanguage":"it-IT","potentialAction":[{"@type":"ReadAction","target":["https:\/\/www.grandkrust.com\/it"]}]},{"@type":"BreadcrumbList","@id":"https:\/\/www.grandkrust.com\/it#breadcrumb","itemListElement":[{"@type":"ListItem","position":1,"name":"Portada","item":"https:\/\/www.grandkrust.com\/it"},{"@type":"ListItem","position":2,"name":"Home"}]},{"@type":"WebSite","@id":"https:\/\/www.grandkrust.com\/it#website","url":"https:\/\/www.grandkrust.com\/it","name":"Marisco y Pescado Salvaje - Grand Krust","description":"","publisher":{"@id":"https:\/\/www.grandkrust.com\/it#organization"},"potentialAction":[{"@type":"SearchAction","target":{"@type":"EntryPoint","urlTemplate":"https:\/\/www.grandkrust.com\/it?s={search_term_string}"},"query-input":{"@type":"PropertyValueSpecification","valueRequired":true,"valueName":"search_term_string"}}],"inLanguage":"it-IT"},{"@type":"Organization","@id":"https:\/\/www.grandkrust.com\/it#organization","name":"GrandKrust","alternateName":"Grand Krust","url":"https:\/\/www.grandkrust.com\/it","logo":{"@type":"ImageObject","inLanguage":"it-IT","@id":"https:\/\/www.grandkrust.com\/it#\/schema\/logo\/image\/","url":"https:\/\/www.grandkrust.com\/wp-content\/uploads\/2024\/09\/cropped-GK_logo-2.jpeg","contentUrl":"https:\/\/www.grandkrust.com\/wp-content\/uploads\/2024\/09\/cropped-GK_logo-2.jpeg","width":512,"height":512,"caption":"GrandKrust"},"image":{"@id":"https:\/\/www.grandkrust.com\/it#\/schema\/logo\/image\/"},"sameAs":["https:\/\/www.instagram.com\/grandkrust\/","https:\/\/www.tiktok.com\/@grandkrust","https:\/\/www.youtube.com\/c\/GrandKrust"]}]}},"_links":{"self":[{"href":"https:\/\/www.grandkrust.com\/it\/wp-json\/wp\/v2\/pages\/790"}],"collection":[{"href":"https:\/\/www.grandkrust.com\/it\/wp-json\/wp\/v2\/pages"}],"about":[{"href":"https:\/\/www.grandkrust.com\/it\/wp-json\/wp\/v2\/types\/page"}],"author":[{"embeddable":true,"href":"https:\/\/www.grandkrust.com\/it\/wp-json\/wp\/v2\/users\/1"}],"replies":[{"embeddable":true,"href":"https:\/\/www.grandkrust.com\/it\/wp-json\/wp\/v2\/comments?post=790"}],"version-history":[{"count":27,"href":"https:\/\/www.grandkrust.com\/it\/wp-json\/wp\/v2\/pages\/790\/revisions"}],"predecessor-version":[{"id":12133,"href":"https:\/\/www.grandkrust.com\/it\/wp-json\/wp\/v2\/pages\/790\/revisions\/12133"}],"wp:attachment":[{"href":"https:\/\/www.grandkrust.com\/it\/wp-json\/wp\/v2\/media?parent=790"}],"curies":[{"name":"wp","href":"https:\/\/api.w.org\/{rel}","templated":true}]}}