{"id":5709,"date":"2019-09-12T16:02:55","date_gmt":"2019-09-12T16:02:55","guid":{"rendered":"http:\/\/www.grandkrust.com\/?page_id=5709"},"modified":"2024-10-21T08:35:38","modified_gmt":"2024-10-21T08:35:38","slug":"politica-sulla-privacy","status":"publish","type":"page","link":"https:\/\/www.grandkrust.com\/it\/politica-sulla-privacy","title":{"rendered":"Politica sulla Privacy"},"content":{"rendered":"<div class=\"container maxWidth780 blackColor\">\n<p><strong>Normativa sulla privacy<\/strong><\/p>\n<p>Responsabile: chi \u00e8 responsabile del trattamento dei dati?<br \/>\nIdentit\u00e0: Krustagroup, S.A.U.<br \/>\nSede legale: C \/ 100, n. 33-35 Pol\u00edgon Industrial Pratenc 08820 PRAT DE LLOBREGAT \u2013 BARCELLONA)<br \/>\nCIF: A21008560<br \/>\nTelefono: +34932237 575<br \/>\nEmail: atencionalcliente@krustagroup.com<br \/>\nContatto: servizio clienti<br \/>\nNome dominio: https:\/\/www.krustagroup.com\/<\/p>\n<p><strong>Finalit\u00e0 \u2013 per quali scopi trattiamo i tuoi dati?<\/strong><\/p>\n<p>In conformit\u00e0 con le disposizioni del Regolamento Europeo 2016\/679 sulla protezione dei dati, ti informiamo che elaboreremo i dati che ci fornisci per:<\/p>\n<p>Gestire la contrattazione di servizi che realizzi tramite la Piattaforma, nonch\u00e9 la fatturazione e la consegna corrispondente.<\/p>\n<p>Inviare periodicamente comunicazioni su servizi, eventi e notizie relative alle attivit\u00e0 svolte da Krustagroup, S.A.U. con qualsiasi mezzo (telefono, posta ordinaria o e-mail), se non diversamente indicato o se l\u2019utente si opponga o revochi il proprio consenso.<\/p>\n<p>Inviare informazioni commerciali e \/ o promozionali relative al settore dei servizi oggetto di contratto e valore aggiunto per gli utenti finali, se non diversamente indicato o se l\u2019utente si opponga o revochi il proprio consenso.<\/p>\n<p>Il rispetto degli obblighi previsti dalla legge, nonch\u00e9 la verifica del rispetto degli obblighi contrattuali, inclusa la prevenzione delle frodi.<\/p>\n<p>Cessione di dati a organizzazioni e autorit\u00e0, purch\u00e9 richiesti in conformit\u00e0 con le disposizioni legali e regolamentari.<\/p>\n<p><strong>Categorie di dati: quali dati trattiamo?<\/strong><\/p>\n<p>Derivata dalle suddette finalit\u00e0, in Krustagroup, S.A.U. gestiamo le seguenti categorie di dati:<\/p>\n<p>Dati identificativi<\/p>\n<p>Metadati di comunicazione elettronici<\/p>\n<p>Dati di informazione commerciale. Nel caso in cui l\u2019utente fornisca dati di terzi, dichiara il proprio consenso e si impegna a trasferire le informazioni contenute in questa clausola, esonerando Krustagroup, S.A.U. da qualsiasi responsabilit\u00e0 al riguardo.<\/p>\n<p>Tuttavia, Krustagroup, S.A.U. pu\u00f2 effettuare delle verifiche per constatare questo fatto, adottando le opportune misure corrispondenti, in conformit\u00e0 con le norme sulla protezione dei dati.<\/p>\n<p><strong>Legittimazione: qual \u00e8 la legittimazione per il trattamento dei tuoi dati?<\/strong><\/p>\n<p>Il trattamento dei dati il \u200b\u200bcui scopo sia l\u2019invio di bollettini periodici (newsletter) su servizi, eventi e notizie relativi alla nostra attivit\u00e0 professionale si basa sul consenso dell\u2019interessato, espressamente richiesto per effettuare tali trattamenti, in conformit\u00e0 con la normativa vigente.<br \/>\nInoltre, la legittimazione del trattamento dei dati relativi a offerte o collaborazioni si basa sul consenso dell\u2019utente che invia i propri dati, che possono essere ritirati in qualsiasi momento, sebbene ci\u00f2 possa influire sulla possibile comunicazione in modo fluido e sull\u2019ostruzione dei processi che desidera realizzare.<\/p>\n<p>Infine, i dati potranno essere utilizzati per ottemperare agli obblighi legali applicabili a Krustagroup, S.A.U.<\/p>\n<p><strong>Durata della conservazione dei dati \u2013 Per quanto tempo conserveremo i tuoi dati?<\/strong><\/p>\n<p>Krustagroup, S.A.U. Conserver\u00e0 i dati personali degli utenti solo per il tempo necessario alla realizzazione degli scopi per i quali sono stati raccolti, purch\u00e9 non si revochino i consensi concessi. Successivamente, se necessario, si manterranno le informazioni bloccate entro i termini legalmente stabiliti.<\/p>\n<p>Destinatari<\/p>\n<p><strong>A quali destinatari verranno comunicati i tuoi dati?<\/strong><\/p>\n<p>I tuoi dati possono essere accessibili ai fornitori che erogano servizi a Krustagroup, S.A.U., come servizi di hosting, strumenti di marketing e sistemi di contenuti o altri professionisti, quando tale comunicazione sia richiesta dalla normativa o per l\u2019esecuzione dei servizi contrattati.<\/p>\n<p>Krustagroup, S.A.U., ha firmato i corrispondenti contratti di trattamento con ciascuno dei fornitori che erogano servizi a<br \/>\nKrustagroup, S.A.U., con l\u2019obiettivo di garantire che tali fornitori tratteranno i tuoi dati in conformit\u00e0 con le disposizioni della normativa vigente.<\/p>\n<p>Possono anche essere ceduti alle Forze e ai Corpi di Sicurezza dello Stato nei casi in cui vi sia un obbligo legale.<\/p>\n<p>Banche e istituti finanziari, per l\u2019addebito dei servizi.<\/p>\n<p>Amministrazioni pubbliche competenti nei settori di attivit\u00e0, quando stabilito dalla normativa vigente.<\/p>\n<p><strong>Sicurezza delle informazioni \u2013 Quali misure di sicurezza implementiamo per prenderci cura dei tuoi dati?<\/strong><\/p>\n<p>Per proteggere i diversi tipi di dati riflessi nella presente informativa sulla privacy, si attueranno le misure di sicurezza tecniche necessarie per prevenirne la perdita, la manipolazione, la diffusione o l\u2019alterazione.<\/p>\n<p>Crittografia delle comunicazioni tra il dispositivo dell\u2019utente e i server di Krustagroup, S.A.U.<\/p>\n<p>Crittografia delle informazioni nei propri server di Krustagroup, S.A.U.<\/p>\n<p>Altre misure che impediscono l\u2019accesso ai dati degli utenti da parte di terzi.<\/p>\n<p>Nei casi in cui Krustagroup, S.A.U. si avvalga di fornitori di servizi per la manutenzione della piattaforma al di fuori dell\u2019Unione Europea, questi trasferimenti internazionali sono stati regolarizzati in base all\u2019impegno di Krustagroup, S.A.U. rispetto alla protezione, all\u2019integrit\u00e0 e alla sicurezza dei dati personali degli utenti.<\/p>\n<p><strong>Diritti \u2013 Quali sono i tuoi diritti quando ci fornisci i tuoi dati e come puoi esercitarli?<\/strong><\/p>\n<p>Hai il diritto di ottenere la conferma se in Krustagroup, S.A.U. Stiamo trattando i dati personali che ti riguardano o no.<\/p>\n<p>Hai anche il diritto di accedere ai tuoi dati personali, nonch\u00e9 di richiedere la rettifica di dati inesatti o, in caso, di richiederne la cancellazione quando, tra le altre ragioni, i dati non sono pi\u00f9 necessari per gli scopi che sono stati raccolti.<\/p>\n<p>In determinate circostanze, \u00e8 possibile richiedere la limitazione del trattamento dei dati, nel qual caso li terremo solo per l\u2019esercizio o la difesa dai reclami.<\/p>\n<p>In determinate circostanze e per motivi legati alla tua situazione particolare, puoi opporti al trattamento dei tuoi dati. Krustagroup, S.A.U. interromper\u00e0 il trattamento dei dati, salvo per motivi legittimi convincenti, o l\u2019esercizio o la difesa dai possibili reclami.<\/p>\n<p>\u00c8 inoltre possibile esercitare il diritto alla portabilit\u00e0 dei dati, nonch\u00e9 revocare i consensi forniti in qualsiasi momento, senza compromettere la legalit\u00e0 del trattamento basata sul consenso prima del suo ritiro.<\/p>\n<p>Se desideri avvalerti di uno qualsiasi dei tuoi diritti, puoi visitare atencionalcliente@krustagroup.com.<\/p>\n<p>Infine, ti informiamo che puoi recarti presso l\u2019Agenzia spagnola per la protezione dei dati e altri enti pubblici competenti per qualsiasi reclamo derivante dal trattamento dei tuoi dati personali.<\/p>\n<p><strong>Modifica della normativa sulla privacy<\/strong><\/p>\n<p>Krustagroup, S.A.U. \u00c8 possibile modificare la presente normativa sulla privacy in qualsiasi momento, pubblicandone le versioni successive sul sito. In ogni caso, Krustagroup, S.A.U. comunicher\u00e0 con preavviso le modifiche di questa normativa che riguardino gli utenti in modo che possano accettarle.<\/p>\n<p>La presente informativa sulla privacy \u00e8 aggiornata dal 27\/12\/2018 Krustagroup, S.A.U. (Spagna). Tutti i diritti riservati.<\/p>\n<p>Se lo desideri, puoi anche consultare la nostra\u00a0<a href=\"https:\/\/www.grandkrust.com\/it\/politica-sui-cookie\">normativa sui cookie<\/a><\/p>\n<\/div>\n","protected":false},"excerpt":{"rendered":"<p>Normativa sulla privacy Responsabile: chi \u00e8 responsabile del trattamento dei dati? Identit\u00e0: Krustagroup, S.A.U. Sede legale: C \/ 100, n. 33-35 Pol\u00edgon Industrial Pratenc 08820 PRAT DE LLOBREGAT \u2013 BARCELLONA) CIF: A21008560 Telefono: +34932237 575 Email: atencionalcliente@krustagroup.com Contatto: servizio clienti<\/p>\n","protected":false},"author":26,"featured_media":5645,"parent":0,"menu_order":0,"comment_status":"closed","ping_status":"closed","template":"page-templates\/template-legales.php","meta":{"inline_featured_image":false,"_glsr_average":0,"_glsr_ranking":0,"_glsr_reviews":0,"footnotes":""},"class_list":["post-5709","page","type-page","status-publish","has-post-thumbnail","hentry"],"yoast_head":"<!-- This site is optimized with the Yoast SEO plugin v23.6 - https:\/\/yoast.com\/wordpress\/plugins\/seo\/ -->\n<title>Politica sulla Privacy - Marisco y Pescado Salvaje - Grand Krust<\/title>\n<meta name=\"robots\" content=\"noindex, follow\" \/>\n<meta property=\"og:locale\" content=\"it_IT\" \/>\n<meta property=\"og:type\" content=\"article\" \/>\n<meta property=\"og:title\" content=\"Politica sulla Privacy - Marisco y Pescado Salvaje - Grand Krust\" \/>\n<meta property=\"og:description\" content=\"Normativa sulla privacy Responsabile: chi \u00e8 responsabile del trattamento dei dati? Identit\u00e0: Krustagroup, S.A.U. Sede legale: C \/ 100, n. 33-35 Pol\u00edgon Industrial Pratenc 08820 PRAT DE LLOBREGAT \u2013 BARCELLONA) CIF: A21008560 Telefono: +34932237 575 Email: atencionalcliente@krustagroup.com Contatto: servizio clienti\" \/>\n<meta property=\"og:url\" content=\"https:\/\/www.grandkrust.com\/it\/politica-sulla-privacy\" \/>\n<meta property=\"og:site_name\" content=\"Marisco y Pescado Salvaje - Grand Krust\" \/>\n<meta property=\"article:modified_time\" content=\"2024-10-21T08:35:38+00:00\" \/>\n<meta property=\"og:image\" content=\"https:\/\/www.grandkrust.com\/wp-content\/uploads\/2019\/09\/bg_legal1.jpg\" \/>\n\t<meta property=\"og:image:width\" content=\"1440\" \/>\n\t<meta property=\"og:image:height\" content=\"289\" \/>\n\t<meta property=\"og:image:type\" content=\"image\/jpeg\" \/>\n<meta name=\"twitter:card\" content=\"summary_large_image\" \/>\n<meta name=\"twitter:label1\" content=\"Tempo di lettura stimato\" \/>\n\t<meta name=\"twitter:data1\" content=\"5 minuti\" \/>\n<script type=\"application\/ld+json\" class=\"yoast-schema-graph\">{\"@context\":\"https:\/\/schema.org\",\"@graph\":[{\"@type\":\"WebPage\",\"@id\":\"https:\/\/www.grandkrust.com\/it\/politica-sulla-privacy\",\"url\":\"https:\/\/www.grandkrust.com\/it\/politica-sulla-privacy\",\"name\":\"Politica sulla Privacy - Marisco y Pescado Salvaje - Grand Krust\",\"isPartOf\":{\"@id\":\"https:\/\/www.grandkrust.com\/it#website\"},\"primaryImageOfPage\":{\"@id\":\"https:\/\/www.grandkrust.com\/it\/politica-sulla-privacy#primaryimage\"},\"image\":{\"@id\":\"https:\/\/www.grandkrust.com\/it\/politica-sulla-privacy#primaryimage\"},\"thumbnailUrl\":\"https:\/\/www.grandkrust.com\/wp-content\/uploads\/2019\/09\/bg_legal1.jpg\",\"datePublished\":\"2019-09-12T16:02:55+00:00\",\"dateModified\":\"2024-10-21T08:35:38+00:00\",\"breadcrumb\":{\"@id\":\"https:\/\/www.grandkrust.com\/it\/politica-sulla-privacy#breadcrumb\"},\"inLanguage\":\"it-IT\",\"potentialAction\":[{\"@type\":\"ReadAction\",\"target\":[\"https:\/\/www.grandkrust.com\/it\/politica-sulla-privacy\"]}]},{\"@type\":\"ImageObject\",\"inLanguage\":\"it-IT\",\"@id\":\"https:\/\/www.grandkrust.com\/it\/politica-sulla-privacy#primaryimage\",\"url\":\"https:\/\/www.grandkrust.com\/wp-content\/uploads\/2019\/09\/bg_legal1.jpg\",\"contentUrl\":\"https:\/\/www.grandkrust.com\/wp-content\/uploads\/2019\/09\/bg_legal1.jpg\",\"width\":1440,\"height\":289},{\"@type\":\"BreadcrumbList\",\"@id\":\"https:\/\/www.grandkrust.com\/it\/politica-sulla-privacy#breadcrumb\",\"itemListElement\":[{\"@type\":\"ListItem\",\"position\":1,\"name\":\"Portada\",\"item\":\"https:\/\/www.grandkrust.com\/it\"},{\"@type\":\"ListItem\",\"position\":2,\"name\":\"Politica sulla Privacy\"}]},{\"@type\":\"WebSite\",\"@id\":\"https:\/\/www.grandkrust.com\/it#website\",\"url\":\"https:\/\/www.grandkrust.com\/it\",\"name\":\"Marisco y Pescado Salvaje - Grand Krust\",\"description\":\"\",\"publisher\":{\"@id\":\"https:\/\/www.grandkrust.com\/it#organization\"},\"potentialAction\":[{\"@type\":\"SearchAction\",\"target\":{\"@type\":\"EntryPoint\",\"urlTemplate\":\"https:\/\/www.grandkrust.com\/it?s={search_term_string}\"},\"query-input\":{\"@type\":\"PropertyValueSpecification\",\"valueRequired\":true,\"valueName\":\"search_term_string\"}}],\"inLanguage\":\"it-IT\"},{\"@type\":\"Organization\",\"@id\":\"https:\/\/www.grandkrust.com\/it#organization\",\"name\":\"GrandKrust\",\"alternateName\":\"Grand Krust\",\"url\":\"https:\/\/www.grandkrust.com\/it\",\"logo\":{\"@type\":\"ImageObject\",\"inLanguage\":\"it-IT\",\"@id\":\"https:\/\/www.grandkrust.com\/it#\/schema\/logo\/image\/\",\"url\":\"https:\/\/www.grandkrust.com\/wp-content\/uploads\/2024\/09\/cropped-GK_logo-2.jpeg\",\"contentUrl\":\"https:\/\/www.grandkrust.com\/wp-content\/uploads\/2024\/09\/cropped-GK_logo-2.jpeg\",\"width\":512,\"height\":512,\"caption\":\"GrandKrust\"},\"image\":{\"@id\":\"https:\/\/www.grandkrust.com\/it#\/schema\/logo\/image\/\"},\"sameAs\":[\"https:\/\/www.instagram.com\/grandkrust\/\",\"https:\/\/www.tiktok.com\/@grandkrust\",\"https:\/\/www.youtube.com\/c\/GrandKrust\"]}]}<\/script>\n<!-- \/ Yoast SEO plugin. -->","yoast_head_json":{"title":"Politica sulla Privacy - Marisco y Pescado Salvaje - Grand Krust","robots":{"index":"noindex","follow":"follow"},"og_locale":"it_IT","og_type":"article","og_title":"Politica sulla Privacy - Marisco y Pescado Salvaje - Grand Krust","og_description":"Normativa sulla privacy Responsabile: chi \u00e8 responsabile del trattamento dei dati? Identit\u00e0: Krustagroup, S.A.U. Sede legale: C \/ 100, n. 33-35 Pol\u00edgon Industrial Pratenc 08820 PRAT DE LLOBREGAT \u2013 BARCELLONA) CIF: A21008560 Telefono: +34932237 575 Email: atencionalcliente@krustagroup.com Contatto: servizio clienti","og_url":"https:\/\/www.grandkrust.com\/it\/politica-sulla-privacy","og_site_name":"Marisco y Pescado Salvaje - Grand Krust","article_modified_time":"2024-10-21T08:35:38+00:00","og_image":[{"width":1440,"height":289,"url":"https:\/\/www.grandkrust.com\/wp-content\/uploads\/2019\/09\/bg_legal1.jpg","type":"image\/jpeg"}],"twitter_card":"summary_large_image","twitter_misc":{"Tempo di lettura stimato":"5 minuti"},"schema":{"@context":"https:\/\/schema.org","@graph":[{"@type":"WebPage","@id":"https:\/\/www.grandkrust.com\/it\/politica-sulla-privacy","url":"https:\/\/www.grandkrust.com\/it\/politica-sulla-privacy","name":"Politica sulla Privacy - Marisco y Pescado Salvaje - Grand Krust","isPartOf":{"@id":"https:\/\/www.grandkrust.com\/it#website"},"primaryImageOfPage":{"@id":"https:\/\/www.grandkrust.com\/it\/politica-sulla-privacy#primaryimage"},"image":{"@id":"https:\/\/www.grandkrust.com\/it\/politica-sulla-privacy#primaryimage"},"thumbnailUrl":"https:\/\/www.grandkrust.com\/wp-content\/uploads\/2019\/09\/bg_legal1.jpg","datePublished":"2019-09-12T16:02:55+00:00","dateModified":"2024-10-21T08:35:38+00:00","breadcrumb":{"@id":"https:\/\/www.grandkrust.com\/it\/politica-sulla-privacy#breadcrumb"},"inLanguage":"it-IT","potentialAction":[{"@type":"ReadAction","target":["https:\/\/www.grandkrust.com\/it\/politica-sulla-privacy"]}]},{"@type":"ImageObject","inLanguage":"it-IT","@id":"https:\/\/www.grandkrust.com\/it\/politica-sulla-privacy#primaryimage","url":"https:\/\/www.grandkrust.com\/wp-content\/uploads\/2019\/09\/bg_legal1.jpg","contentUrl":"https:\/\/www.grandkrust.com\/wp-content\/uploads\/2019\/09\/bg_legal1.jpg","width":1440,"height":289},{"@type":"BreadcrumbList","@id":"https:\/\/www.grandkrust.com\/it\/politica-sulla-privacy#breadcrumb","itemListElement":[{"@type":"ListItem","position":1,"name":"Portada","item":"https:\/\/www.grandkrust.com\/it"},{"@type":"ListItem","position":2,"name":"Politica sulla Privacy"}]},{"@type":"WebSite","@id":"https:\/\/www.grandkrust.com\/it#website","url":"https:\/\/www.grandkrust.com\/it","name":"Marisco y Pescado Salvaje - Grand Krust","description":"","publisher":{"@id":"https:\/\/www.grandkrust.com\/it#organization"},"potentialAction":[{"@type":"SearchAction","target":{"@type":"EntryPoint","urlTemplate":"https:\/\/www.grandkrust.com\/it?s={search_term_string}"},"query-input":{"@type":"PropertyValueSpecification","valueRequired":true,"valueName":"search_term_string"}}],"inLanguage":"it-IT"},{"@type":"Organization","@id":"https:\/\/www.grandkrust.com\/it#organization","name":"GrandKrust","alternateName":"Grand Krust","url":"https:\/\/www.grandkrust.com\/it","logo":{"@type":"ImageObject","inLanguage":"it-IT","@id":"https:\/\/www.grandkrust.com\/it#\/schema\/logo\/image\/","url":"https:\/\/www.grandkrust.com\/wp-content\/uploads\/2024\/09\/cropped-GK_logo-2.jpeg","contentUrl":"https:\/\/www.grandkrust.com\/wp-content\/uploads\/2024\/09\/cropped-GK_logo-2.jpeg","width":512,"height":512,"caption":"GrandKrust"},"image":{"@id":"https:\/\/www.grandkrust.com\/it#\/schema\/logo\/image\/"},"sameAs":["https:\/\/www.instagram.com\/grandkrust\/","https:\/\/www.tiktok.com\/@grandkrust","https:\/\/www.youtube.com\/c\/GrandKrust"]}]}},"_links":{"self":[{"href":"https:\/\/www.grandkrust.com\/it\/wp-json\/wp\/v2\/pages\/5709"}],"collection":[{"href":"https:\/\/www.grandkrust.com\/it\/wp-json\/wp\/v2\/pages"}],"about":[{"href":"https:\/\/www.grandkrust.com\/it\/wp-json\/wp\/v2\/types\/page"}],"author":[{"embeddable":true,"href":"https:\/\/www.grandkrust.com\/it\/wp-json\/wp\/v2\/users\/26"}],"replies":[{"embeddable":true,"href":"https:\/\/www.grandkrust.com\/it\/wp-json\/wp\/v2\/comments?post=5709"}],"version-history":[{"count":10,"href":"https:\/\/www.grandkrust.com\/it\/wp-json\/wp\/v2\/pages\/5709\/revisions"}],"predecessor-version":[{"id":6993,"href":"https:\/\/www.grandkrust.com\/it\/wp-json\/wp\/v2\/pages\/5709\/revisions\/6993"}],"wp:featuredmedia":[{"embeddable":true,"href":"https:\/\/www.grandkrust.com\/it\/wp-json\/wp\/v2\/media\/5645"}],"wp:attachment":[{"href":"https:\/\/www.grandkrust.com\/it\/wp-json\/wp\/v2\/media?parent=5709"}],"curies":[{"name":"wp","href":"https:\/\/api.w.org\/{rel}","templated":true}]}}