{"id":5705,"date":"2019-09-12T16:07:20","date_gmt":"2019-09-12T16:07:20","guid":{"rendered":"http:\/\/www.grandkrust.com\/?page_id=5705"},"modified":"2024-10-21T08:35:55","modified_gmt":"2024-10-21T08:35:55","slug":"politica-sui-cookie","status":"publish","type":"page","link":"https:\/\/www.grandkrust.com\/it\/politica-sui-cookie","title":{"rendered":"Politica sui cookie"},"content":{"rendered":"<p>Questo sito web utilizza i cookie propri e di terze parti per farti vivere un&#8217;esperienza di navigazione migliore, condividere i contenuti sui social network e per ottenere statistiche sugli utenti.<\/p>\n<p>Puoi evitare di scaricare i cookie attraverso le impostazioni del tuo browser, evitando che i cookie vengano memorizzati sul tuo dispositivo.<\/p>\n<p>Come proprietario di questo sito web, ti informo che non utilizziamo alcuna informazione personale dai cookie, realizziamo solo statistiche generali sulle visite che non comportano alcuna informazione personale.<\/p>\n<p>\u00c8 molto importante leggere la presente informativa sui cookie e comprendere che, se continui a navigare, considereremo che ne accetti l&#8217;utilizzo.<\/p>\n<p>Secondo i termini inclusi nell&#8217;articolo 22.2 della legge 34\/2002 sui Servizi della Societ\u00e0 dell&#8217;Informazione e del Commercio Elettronico, continuando a navigare, fornirai il tuo consenso per l&#8217;uso dei meccanismi di cui sopra.<\/p>\n<p><strong>Ente responsabile<\/strong><\/p>\n<p>L&#8217;ente responsabile della raccolta, elaborazione e utilizzo dei dati personali, nel senso stabilito dalla Legge sulla protezione dei dati personali, \u00e8 la pagina https:\/\/www.krustagroup.com\/, di propriet\u00e0 di Krustagroup, S.A.U. &#8211; https:\/\/www.grandkrust.com\/politica-de-cookies.<\/p>\n<p><strong>Cosa sono i cookie?<\/strong><\/p>\n<p>I cookie sono un insieme di dati che un server deposita nel browser dell&#8217;utente per raccogliere informazioni di registrazione standard di Internet e sul comportamento dei visitatori di un sito web. Cio\u00e8, sono piccoli file di testo che vengono memorizzati sul disco rigido del computer e che servono a identificare l&#8217;utente quando si connette nuovamente al sito web. Il loro scopo \u00e8 registrare la visita dell&#8217;utente e salvare determinate informazioni. Il loro utilizzo \u00e8 comune e frequente sul web poich\u00e9 consente alle pagine di funzionare in modo pi\u00f9 efficiente e ottenere una maggiore personalizzazione e analisi del comportamento degli utenti.<\/p>\n<p><strong>Quali tipi di cookie esistono?<\/strong><\/p>\n<p>I cookie utilizzati sul nostro sito web sono di sessione e di terze parti e ci consentono di archiviare e accedere alle informazioni relative alla lingua, al tipo di browser utilizzato e ad altre caratteristiche generali predefinite dall&#8217;utente, nonch\u00e9 a seguire e analizzare l&#8217;attivit\u00e0 che viene effettuata, al fine di introdurre miglioramenti e fornire i nostri servizi in modo pi\u00f9 efficiente e personalizzato.<\/p>\n<p>I cookie, a seconda della loro permanenza, possono essere suddivisi in cookie di sessione o permanenti. Quelli che scadono quando l&#8217;utente chiude il browser. Quelli che scadono a seconda del raggiungimento dell&#8217;obiettivo per cui servono (ad esempio, in modo che l&#8217;utente rimanga identificato nei servizi di Krustagroup, S.A.U.) o quando vengono eliminati manualmente.<\/p>\n<p><strong>Nome Tipo Scadenza Scopo Classe<\/strong><\/p>\n<p>__utma Di Terzi (Google Analytics) 2 anni Viene utilizzato per distinguere utenti e sessioni. Non esente<br \/>\n__utmb Di Terzi (Google Analytics) 30 minuti Utilizzato per determinare nuove sessioni o visite non esenti<br \/>\n__utmc Di Terzi (Google Analytics) Alla fine della sessione \u00c8 configurato per l&#8217;uso con Urchin Non Esente<br \/>\n__utmz Di Terzi (Google Analytics) 6 mesi Memorizza l&#8217;origine o la campagna che spiega come l&#8217;utente ha raggiunto il sito Web non esente<\/p>\n<p>Inoltre, a seconda del loro obiettivo, i cookie possono essere classificati come segue:<\/p>\n<p><strong>Cookie di prestazione<\/strong><\/p>\n<p>Questo tipo di cookie ricorda le sue preferenze per gli strumenti presenti nei servizi, quindi non \u00e8 necessario riconfigurare il servizio ogni volta che lo visita. Ad esempio, questa tipologia comprende: regolazioni del volume di lettori video o audio. Le velocit\u00e0 di trasmissione di video compatibili con il suo browser. Oggetti memorizzati nel &#8220;carrello della spesa&#8221; in servizi di e-commerce come i negozi.<\/p>\n<p><strong>Cookie di geolocalizzazione<\/strong><\/p>\n<p>Questi cookie vengono utilizzati per scoprire in quale paese si trova quando viene richiesto un servizio. Questo cookie \u00e8 completamente anonimo e viene utilizzato solo per orientare il contenuto nella sua posizione.<\/p>\n<p><strong>Cookie di registrazione<\/strong><\/p>\n<p>I cookie di registrazione vengono generati una volta che l&#8217;utente ha registrato o successivamente aperto la sessione e vengono utilizzati per identificarli nei servizi con i seguenti obiettivi:<\/p>\n<p>Mantenere l&#8217;utente identificato in modo tale che, se chiude un servizio, il browser o il computer e in un altro momento o un altro giorno rientri in quel servizio, continuer\u00e0 a essere identificato, facilitando cos\u00ec la sua navigazione senza doversi identificare di nuovo. Questa funzionalit\u00e0 pu\u00f2 essere soppressa se l&#8217;utente preme la funzionalit\u00e0 [logout], in modo che questo cookie venga eliminato e la prossima volta che l&#8217;utente accede al servizio, dovr\u00e0 accedere per essere identificato.<\/p>\n<p>Verifica se l&#8217;utente \u00e8 autorizzato ad accedere a determinati servizi, ad esempio per partecipare a un concorso.<\/p>\n<p>Inoltre, alcuni servizi potrebbero utilizzare connettori con social network come Facebook o Twitter. Quando l&#8217;utente si registra in un servizio con le credenziali di un social network, autorizza il social network a conservare un cookie persistente che ricorda la sua identit\u00e0 e gli garantisce l&#8217;accesso ai servizi fino alla scadenza. L&#8217;utente pu\u00f2 eliminare questo cookie e revocare l&#8217;accesso ai servizi attraverso i social network aggiornando le proprie preferenze nel social network specificato.<\/p>\n<p><strong>Cookie analitici<\/strong><\/p>\n<p>Ogni volta che un utente visita un servizio, uno strumento di un fornitore esterno genera un cookie analitico sul computer dell&#8217;utente. Questo cookie che viene generato solo nella visita, servir\u00e0 in future visite ai servizi di Krustagroup, S.A.U. per identificare anonimamente il visitatore. I principali obiettivi perseguiti sono:<\/p>\n<p>Consentire l&#8217;identificazione anonima degli utenti che navigano attraverso il cookie (identifica browser e dispositivi, non persone) e quindi il conteggio approssimativo del numero di visitatori e della loro tendenza nel tempo.<\/p>\n<p>Identifica in modo anonimo i contenuti pi\u00f9 visitati e quindi pi\u00f9 interessanti per gli utenti. Scopri se l&#8217;utente che accede \u00e8 nuovo o ripete una visita.<\/p>\n<p>Importante: a meno che l&#8217;utente non decida di registrarsi con un servizio di Krustagroup, S.A.U., il cookie non sar\u00e0 mai associato a dati personali in grado di identificarlo. Questi cookie verranno utilizzati solo a fini statistici che aiutano a ottimizzare l&#8217;esperienza dell&#8217;utente sul sito.<\/p>\n<p><strong>Cookie pubblicitari<\/strong><\/p>\n<p>Questo tipo di cookie consente di espandere le informazioni degli annunci pubblicitari mostrati a ciascun utente anonimo nei servizi di Krustagroup, S.A.U.<\/p>\n<p>Tra gli altri, la durata o la frequenza di visualizzazione delle posizioni pubblicitarie, l&#8217;interazione con esse, i modelli di navigazione e \/ o i comportamenti degli utenti vengono memorizzati in quanto aiutano a modellare un profilo di interesse pubblicitario. In questo modo, consentono di offrire pubblicit\u00e0 in relazione agli interessi dell&#8217;utente.<\/p>\n<p><strong>Come posso disabilitare i cookie nel mio browser?<\/strong><\/p>\n<p>I diversi browser possono essere configurati per avvisare l&#8217;utente della ricezione di cookie e, se lo si desidera, impedire la loro installazione sul computer.<\/p>\n<p>Allo stesso modo, l&#8217;utente pu\u00f2 controllare nel suo browser quali cookie ha installato e qual \u00e8 la data di scadenza, potendo eliminarli.<\/p>\n<p>Per ulteriori informazioni, consultare le istruzioni e i manuali del browser:<\/p>\n<p>Per ulteriori informazioni sulla gestione dei cookie su Google Chrome: https:\/\/support.google.com\/chrome\/answer\/95647?hl=it<\/p>\n<p>Per ulteriori informazioni sulla gestione dei cookie su Internet Explorer: https:\/\/windows.microsoft.com\/es-es\/windows-vista\/cookies-frequently-asked-questions<\/p>\n<p>Per ulteriori informazioni sulla gestione dei cookie su Mozilla Firefox: https:\/\/support.mozilla.org\/es\/kb\/habilitar-y-deshabilitar-cookies-que-los-sitios-we<\/p>\n<p>Per ulteriori informazioni sulla gestione dei cookie su Safari: https:\/\/www.apple.com\/privacy\/use-of-cookies\/<\/p>\n<p>Per ulteriori informazioni sulla gestione dei cookie su Opera: https:\/\/help.opera.com\/Windows\/11.50\/es-ES\/cookies.html<\/p>\n<p>Se vuoi smettere di essere seguito da Google Analytics visita: https:\/\/tools.google.com\/dlpage\/gaoptout<\/p>\n<p><strong>Per saperne di pi\u00f9 sui cookie<\/strong><\/p>\n<p>Pu\u00f2 ottenere ulteriori informazioni sulla pubblicit\u00e0 online in base al comportamento online e alla privacy al seguente link: https:\/\/www.youronlinechoices.com\/es\/<\/p>\n<p>Protezione dei dati di Google Analytics: https:\/\/www.google.com\/analytics\/learn\/privacy.html<\/p>\n<p>In che modo Google Analytics utilizza i cookie: https:\/\/developers.google.com\/analytics\/devguides\/collection\/analyticsjs\/cookie-usage?hl=it#analyticsjs<\/p>\n<p><strong>Aggiornamenti e modifiche alla politica sulla privacy \/ cookie<\/strong><\/p>\n<p>I siti web di Krustagroup, S.A.U. possono modificare la presente normativa sui cookie in funzione di esigenze legislative, regolamentari o al fine di adattare tale normativa alle istruzioni emesse dall&#8217;Agenzia Spagnola per la Protezione dei Dati, pertanto si consiglia agli utenti di visitarla periodicamente.<\/p>\n<p>In caso di cambiamenti significativi nella presente normativa sui cookie, questi verranno comunicati agli utenti tramite il sito o tramite e-mail agli utenti registrati.<\/p>\n","protected":false},"excerpt":{"rendered":"<p>Questo sito web utilizza i cookie propri e di terze parti per farti vivere un&#8217;esperienza di navigazione migliore, condividere i contenuti sui social network e per ottenere statistiche sugli utenti. Puoi evitare di scaricare i cookie attraverso le impostazioni del<\/p>\n","protected":false},"author":26,"featured_media":5645,"parent":0,"menu_order":0,"comment_status":"closed","ping_status":"closed","template":"page-templates\/template-legales.php","meta":{"inline_featured_image":false,"_glsr_average":0,"_glsr_ranking":0,"_glsr_reviews":0,"footnotes":""},"class_list":["post-5705","page","type-page","status-publish","has-post-thumbnail","hentry"],"yoast_head":"<!-- This site is optimized with the Yoast SEO plugin v23.6 - https:\/\/yoast.com\/wordpress\/plugins\/seo\/ -->\n<title>Politica sui cookie - Marisco y Pescado Salvaje - Grand Krust<\/title>\n<meta name=\"robots\" content=\"noindex, follow\" \/>\n<meta property=\"og:locale\" content=\"it_IT\" \/>\n<meta property=\"og:type\" content=\"article\" \/>\n<meta property=\"og:title\" content=\"Politica sui cookie - Marisco y Pescado Salvaje - Grand Krust\" \/>\n<meta property=\"og:description\" content=\"Questo sito web utilizza i cookie propri e di terze parti per farti vivere un&#8217;esperienza di navigazione migliore, condividere i contenuti sui social network e per ottenere statistiche sugli utenti. Puoi evitare di scaricare i cookie attraverso le impostazioni del\" \/>\n<meta property=\"og:url\" content=\"https:\/\/www.grandkrust.com\/it\/politica-sui-cookie\" \/>\n<meta property=\"og:site_name\" content=\"Marisco y Pescado Salvaje - Grand Krust\" \/>\n<meta property=\"article:modified_time\" content=\"2024-10-21T08:35:55+00:00\" \/>\n<meta property=\"og:image\" content=\"https:\/\/www.grandkrust.com\/wp-content\/uploads\/2019\/09\/bg_legal1.jpg\" \/>\n\t<meta property=\"og:image:width\" content=\"1440\" \/>\n\t<meta property=\"og:image:height\" content=\"289\" \/>\n\t<meta property=\"og:image:type\" content=\"image\/jpeg\" \/>\n<meta name=\"twitter:card\" content=\"summary_large_image\" \/>\n<meta name=\"twitter:label1\" content=\"Tempo di lettura stimato\" \/>\n\t<meta name=\"twitter:data1\" content=\"6 minuti\" \/>\n<script type=\"application\/ld+json\" class=\"yoast-schema-graph\">{\"@context\":\"https:\/\/schema.org\",\"@graph\":[{\"@type\":\"WebPage\",\"@id\":\"https:\/\/www.grandkrust.com\/it\/politica-sui-cookie\",\"url\":\"https:\/\/www.grandkrust.com\/it\/politica-sui-cookie\",\"name\":\"Politica sui cookie - Marisco y Pescado Salvaje - Grand Krust\",\"isPartOf\":{\"@id\":\"https:\/\/www.grandkrust.com\/it#website\"},\"primaryImageOfPage\":{\"@id\":\"https:\/\/www.grandkrust.com\/it\/politica-sui-cookie#primaryimage\"},\"image\":{\"@id\":\"https:\/\/www.grandkrust.com\/it\/politica-sui-cookie#primaryimage\"},\"thumbnailUrl\":\"https:\/\/www.grandkrust.com\/wp-content\/uploads\/2019\/09\/bg_legal1.jpg\",\"datePublished\":\"2019-09-12T16:07:20+00:00\",\"dateModified\":\"2024-10-21T08:35:55+00:00\",\"breadcrumb\":{\"@id\":\"https:\/\/www.grandkrust.com\/it\/politica-sui-cookie#breadcrumb\"},\"inLanguage\":\"it-IT\",\"potentialAction\":[{\"@type\":\"ReadAction\",\"target\":[\"https:\/\/www.grandkrust.com\/it\/politica-sui-cookie\"]}]},{\"@type\":\"ImageObject\",\"inLanguage\":\"it-IT\",\"@id\":\"https:\/\/www.grandkrust.com\/it\/politica-sui-cookie#primaryimage\",\"url\":\"https:\/\/www.grandkrust.com\/wp-content\/uploads\/2019\/09\/bg_legal1.jpg\",\"contentUrl\":\"https:\/\/www.grandkrust.com\/wp-content\/uploads\/2019\/09\/bg_legal1.jpg\",\"width\":1440,\"height\":289},{\"@type\":\"BreadcrumbList\",\"@id\":\"https:\/\/www.grandkrust.com\/it\/politica-sui-cookie#breadcrumb\",\"itemListElement\":[{\"@type\":\"ListItem\",\"position\":1,\"name\":\"Portada\",\"item\":\"https:\/\/www.grandkrust.com\/it\"},{\"@type\":\"ListItem\",\"position\":2,\"name\":\"Politica sui cookie\"}]},{\"@type\":\"WebSite\",\"@id\":\"https:\/\/www.grandkrust.com\/it#website\",\"url\":\"https:\/\/www.grandkrust.com\/it\",\"name\":\"Marisco y Pescado Salvaje - Grand Krust\",\"description\":\"\",\"publisher\":{\"@id\":\"https:\/\/www.grandkrust.com\/it#organization\"},\"potentialAction\":[{\"@type\":\"SearchAction\",\"target\":{\"@type\":\"EntryPoint\",\"urlTemplate\":\"https:\/\/www.grandkrust.com\/it?s={search_term_string}\"},\"query-input\":{\"@type\":\"PropertyValueSpecification\",\"valueRequired\":true,\"valueName\":\"search_term_string\"}}],\"inLanguage\":\"it-IT\"},{\"@type\":\"Organization\",\"@id\":\"https:\/\/www.grandkrust.com\/it#organization\",\"name\":\"GrandKrust\",\"alternateName\":\"Grand Krust\",\"url\":\"https:\/\/www.grandkrust.com\/it\",\"logo\":{\"@type\":\"ImageObject\",\"inLanguage\":\"it-IT\",\"@id\":\"https:\/\/www.grandkrust.com\/it#\/schema\/logo\/image\/\",\"url\":\"https:\/\/www.grandkrust.com\/wp-content\/uploads\/2024\/09\/cropped-GK_logo-2.jpeg\",\"contentUrl\":\"https:\/\/www.grandkrust.com\/wp-content\/uploads\/2024\/09\/cropped-GK_logo-2.jpeg\",\"width\":512,\"height\":512,\"caption\":\"GrandKrust\"},\"image\":{\"@id\":\"https:\/\/www.grandkrust.com\/it#\/schema\/logo\/image\/\"},\"sameAs\":[\"https:\/\/www.instagram.com\/grandkrust\/\",\"https:\/\/www.tiktok.com\/@grandkrust\",\"https:\/\/www.youtube.com\/c\/GrandKrust\"]}]}<\/script>\n<!-- \/ Yoast SEO plugin. -->","yoast_head_json":{"title":"Politica sui cookie - Marisco y Pescado Salvaje - Grand Krust","robots":{"index":"noindex","follow":"follow"},"og_locale":"it_IT","og_type":"article","og_title":"Politica sui cookie - Marisco y Pescado Salvaje - Grand Krust","og_description":"Questo sito web utilizza i cookie propri e di terze parti per farti vivere un&#8217;esperienza di navigazione migliore, condividere i contenuti sui social network e per ottenere statistiche sugli utenti. Puoi evitare di scaricare i cookie attraverso le impostazioni del","og_url":"https:\/\/www.grandkrust.com\/it\/politica-sui-cookie","og_site_name":"Marisco y Pescado Salvaje - Grand Krust","article_modified_time":"2024-10-21T08:35:55+00:00","og_image":[{"width":1440,"height":289,"url":"https:\/\/www.grandkrust.com\/wp-content\/uploads\/2019\/09\/bg_legal1.jpg","type":"image\/jpeg"}],"twitter_card":"summary_large_image","twitter_misc":{"Tempo di lettura stimato":"6 minuti"},"schema":{"@context":"https:\/\/schema.org","@graph":[{"@type":"WebPage","@id":"https:\/\/www.grandkrust.com\/it\/politica-sui-cookie","url":"https:\/\/www.grandkrust.com\/it\/politica-sui-cookie","name":"Politica sui cookie - Marisco y Pescado Salvaje - Grand Krust","isPartOf":{"@id":"https:\/\/www.grandkrust.com\/it#website"},"primaryImageOfPage":{"@id":"https:\/\/www.grandkrust.com\/it\/politica-sui-cookie#primaryimage"},"image":{"@id":"https:\/\/www.grandkrust.com\/it\/politica-sui-cookie#primaryimage"},"thumbnailUrl":"https:\/\/www.grandkrust.com\/wp-content\/uploads\/2019\/09\/bg_legal1.jpg","datePublished":"2019-09-12T16:07:20+00:00","dateModified":"2024-10-21T08:35:55+00:00","breadcrumb":{"@id":"https:\/\/www.grandkrust.com\/it\/politica-sui-cookie#breadcrumb"},"inLanguage":"it-IT","potentialAction":[{"@type":"ReadAction","target":["https:\/\/www.grandkrust.com\/it\/politica-sui-cookie"]}]},{"@type":"ImageObject","inLanguage":"it-IT","@id":"https:\/\/www.grandkrust.com\/it\/politica-sui-cookie#primaryimage","url":"https:\/\/www.grandkrust.com\/wp-content\/uploads\/2019\/09\/bg_legal1.jpg","contentUrl":"https:\/\/www.grandkrust.com\/wp-content\/uploads\/2019\/09\/bg_legal1.jpg","width":1440,"height":289},{"@type":"BreadcrumbList","@id":"https:\/\/www.grandkrust.com\/it\/politica-sui-cookie#breadcrumb","itemListElement":[{"@type":"ListItem","position":1,"name":"Portada","item":"https:\/\/www.grandkrust.com\/it"},{"@type":"ListItem","position":2,"name":"Politica sui cookie"}]},{"@type":"WebSite","@id":"https:\/\/www.grandkrust.com\/it#website","url":"https:\/\/www.grandkrust.com\/it","name":"Marisco y Pescado Salvaje - Grand Krust","description":"","publisher":{"@id":"https:\/\/www.grandkrust.com\/it#organization"},"potentialAction":[{"@type":"SearchAction","target":{"@type":"EntryPoint","urlTemplate":"https:\/\/www.grandkrust.com\/it?s={search_term_string}"},"query-input":{"@type":"PropertyValueSpecification","valueRequired":true,"valueName":"search_term_string"}}],"inLanguage":"it-IT"},{"@type":"Organization","@id":"https:\/\/www.grandkrust.com\/it#organization","name":"GrandKrust","alternateName":"Grand Krust","url":"https:\/\/www.grandkrust.com\/it","logo":{"@type":"ImageObject","inLanguage":"it-IT","@id":"https:\/\/www.grandkrust.com\/it#\/schema\/logo\/image\/","url":"https:\/\/www.grandkrust.com\/wp-content\/uploads\/2024\/09\/cropped-GK_logo-2.jpeg","contentUrl":"https:\/\/www.grandkrust.com\/wp-content\/uploads\/2024\/09\/cropped-GK_logo-2.jpeg","width":512,"height":512,"caption":"GrandKrust"},"image":{"@id":"https:\/\/www.grandkrust.com\/it#\/schema\/logo\/image\/"},"sameAs":["https:\/\/www.instagram.com\/grandkrust\/","https:\/\/www.tiktok.com\/@grandkrust","https:\/\/www.youtube.com\/c\/GrandKrust"]}]}},"_links":{"self":[{"href":"https:\/\/www.grandkrust.com\/it\/wp-json\/wp\/v2\/pages\/5705"}],"collection":[{"href":"https:\/\/www.grandkrust.com\/it\/wp-json\/wp\/v2\/pages"}],"about":[{"href":"https:\/\/www.grandkrust.com\/it\/wp-json\/wp\/v2\/types\/page"}],"author":[{"embeddable":true,"href":"https:\/\/www.grandkrust.com\/it\/wp-json\/wp\/v2\/users\/26"}],"replies":[{"embeddable":true,"href":"https:\/\/www.grandkrust.com\/it\/wp-json\/wp\/v2\/comments?post=5705"}],"version-history":[{"count":6,"href":"https:\/\/www.grandkrust.com\/it\/wp-json\/wp\/v2\/pages\/5705\/revisions"}],"predecessor-version":[{"id":6984,"href":"https:\/\/www.grandkrust.com\/it\/wp-json\/wp\/v2\/pages\/5705\/revisions\/6984"}],"wp:featuredmedia":[{"embeddable":true,"href":"https:\/\/www.grandkrust.com\/it\/wp-json\/wp\/v2\/media\/5645"}],"wp:attachment":[{"href":"https:\/\/www.grandkrust.com\/it\/wp-json\/wp\/v2\/media?parent=5705"}],"curies":[{"name":"wp","href":"https:\/\/api.w.org\/{rel}","templated":true}]}}