{"id":1700,"date":"2015-03-01T14:49:21","date_gmt":"2015-03-01T14:49:21","guid":{"rendered":"http:\/\/www.grandkrust.com\/?page_id=1700"},"modified":"2015-05-18T16:40:54","modified_gmt":"2015-05-18T16:40:54","slug":"la-nostra-flotta","status":"publish","type":"page","link":"https:\/\/www.grandkrust.com\/it\/la-nostra-flotta","title":{"rendered":"La nostra flotta"},"content":{"rendered":"<p>Ovunque sia il miglior pesce del mondo, la nostra moderna flotta di barche lo pesca e lo surgela in alto mare nelle migliori condizioni in modo da garantire la qualit\u00e0 e le propriet\u00e0 del gambero fresco pi\u00f9 squisito.<\/p>\n<p><img loading=\"lazy\" decoding=\"async\" class=\"alignnone size-full wp-image-285\" src=\"https:\/\/www.grandkrust.com\/wp-content\/uploads\/2015\/01\/mapa-pagina-nuestra-flota.jpg\" alt=\"mapa-pagina-nuestra-flota\" width=\"801\" height=\"434\" srcset=\"https:\/\/www.grandkrust.com\/wp-content\/uploads\/2015\/01\/mapa-pagina-nuestra-flota.jpg 801w, https:\/\/www.grandkrust.com\/wp-content\/uploads\/2015\/01\/mapa-pagina-nuestra-flota-430x233.jpg 430w, https:\/\/www.grandkrust.com\/wp-content\/uploads\/2015\/01\/mapa-pagina-nuestra-flota-768x416.jpg 768w, https:\/\/www.grandkrust.com\/wp-content\/uploads\/2015\/01\/mapa-pagina-nuestra-flota-780x423.jpg 780w, https:\/\/www.grandkrust.com\/wp-content\/uploads\/2015\/01\/mapa-pagina-nuestra-flota-250x135.jpg 250w\" sizes=\"(max-width: 801px) 100vw, 801px\" \/><\/p>\n<p>MARE DI BARENTS<\/p>\n<p>La pesca del Mar di Barents \u00e8 gestita in maniera congiunta con Norvegia e Russia presentando storicamente una produzione sostenibile con alto tasso di specie come il merluzzo, l\u2019halibut o il gamberetto di acqua fredda.<\/p>\n<p>Nel 2002 il Gruppo Amasua inizi\u00f2 a studiare le possibilit\u00e0 di pesca che questa poteva offrire per il mercato spagnolo e comunitario. Attualmente ha firmato accordi di esclusiva commerciale per la\u00a0 fabbricazione di due moderni pescherecci di bandiera russa, per il quale funzionamento ha collaborato Amasua, disegnando programmi di qualit\u00e0 che gi\u00e0 sono stati pienamente attuati ed i risultati enormemente soddisfacenti,\u00a0 portando la sua produzione agli standard pi\u00f9 elevati.<\/p>\n<p>Ci\u00f2 ha portato ad una differenziazione del prodotto, con un alto valore aggiunto, riconosciuto dal mercato.<\/p>\n<p>&nbsp;<\/p>\n<p>ARGENTINA<\/p>\n<p>Nel 1989 nasce Arbumasa, S.A., uno dei leader storici per la pesca del gambero nella zona del Golfo di San Jorge e tra le prime aziende esportatrici del settore. Dispone di 12 barche per la pesca del gambero e 2 navi-officina per la pesca e la lavorazione del calamaro.<\/p>\n<p>La societ\u00e0 ha le sue sedi centrali in Buenos Aires e due fabbriche nelle citt\u00e0 di Comodoro Rivadavia e Puerto Deseado per la conservazione e la lavorazione dei frutti di mari e dei cefalopodi. Il contributo di Arbumasa S.A. allo sviluppo economico della zona Patagonica gli ha conferito diversi premi e riconoscimenti.<\/p>\n<p><img loading=\"lazy\" decoding=\"async\" class=\"alignnone wp-image-283 size-full\" src=\"https:\/\/www.grandkrust.com\/wp-content\/uploads\/2015\/01\/foto-pagina-nuestra-flota.jpg\" alt=\"\" width=\"801\" height=\"434\" srcset=\"https:\/\/www.grandkrust.com\/wp-content\/uploads\/2015\/01\/foto-pagina-nuestra-flota.jpg 801w, https:\/\/www.grandkrust.com\/wp-content\/uploads\/2015\/01\/foto-pagina-nuestra-flota-430x233.jpg 430w, https:\/\/www.grandkrust.com\/wp-content\/uploads\/2015\/01\/foto-pagina-nuestra-flota-768x416.jpg 768w, https:\/\/www.grandkrust.com\/wp-content\/uploads\/2015\/01\/foto-pagina-nuestra-flota-780x423.jpg 780w, https:\/\/www.grandkrust.com\/wp-content\/uploads\/2015\/01\/foto-pagina-nuestra-flota-250x135.jpg 250w\" sizes=\"(max-width: 801px) 100vw, 801px\" \/><\/p>\n<p>&nbsp;<\/p>\n<p>MOZAMBICO<\/p>\n<p>La presenza in Africa del Gruppo Amasua si concentra principalmente in Mozambico, dove siamo presenti dal 1975\u00a0 tramite la societ\u00e0 mista Crostacei del Mozambico, Ltda. (Krustamoz).<\/p>\n<p>Krustamoz ha una sede nella citt\u00e0 di Quelimane, che \u00e8 anche il porto base della sua nuova flotta, ed ha un ufficio amministrativo nella capitale Maputo.<\/p>\n<p>Il \u00a0Gambero di superficie, il gambero di profondit\u00e0 e diverse specie pelagiche sono i prodotti che Krustamoz cattura nella zona di pesca del Mozambico.<\/p>\n<p>&nbsp;<\/p>\n<p>MAROCCO<\/p>\n<p>Il rapporto commerciale del Gruppo Amasua con il Marocco ha una lunga tradizione, ma \u00e8 a partire dal 2001 che inizia il processo di attuazione del Gruppo per sfruttare le risorse ittiche di una zona di pesca caratterizzata per la sua variet\u00e0 e ricchezza.<\/p>\n<p>Como risultato di questo processo, tramite la societ\u00e0 partecipe Asmaroc S.A., si inizia a sfruttare nel 2003 una flotta di barche che congelano a bordo con una forte vocazione di crescita.<\/p>\n<p>&nbsp;<\/p>\n","protected":false},"excerpt":{"rendered":"<p>Ovunque sia il miglior pesce del mondo, la nostra moderna flotta di barche lo pesca e lo surgela in alto mare nelle migliori condizioni in modo da garantire la qualit\u00e0 e le propriet\u00e0 del gambero fresco pi\u00f9 squisito. MARE DI<\/p>\n","protected":false},"author":1,"featured_media":0,"parent":0,"menu_order":3,"comment_status":"closed","ping_status":"closed","template":"page-paginas-especiales.php","meta":{"inline_featured_image":false,"_glsr_average":0,"_glsr_ranking":0,"_glsr_reviews":0,"footnotes":""},"class_list":["post-1700","page","type-page","status-publish","hentry"],"yoast_head":"<!-- This site is optimized with the Yoast SEO plugin v23.6 - https:\/\/yoast.com\/wordpress\/plugins\/seo\/ -->\n<title>La nostra flotta - Marisco y Pescado Salvaje - Grand Krust<\/title>\n<meta name=\"robots\" content=\"index, follow, max-snippet:-1, max-image-preview:large, max-video-preview:-1\" \/>\n<link rel=\"canonical\" href=\"https:\/\/www.grandkrust.com\/it\/la-nostra-flotta\" \/>\n<meta property=\"og:locale\" content=\"it_IT\" \/>\n<meta property=\"og:type\" content=\"article\" \/>\n<meta property=\"og:title\" content=\"La nostra flotta - Marisco y Pescado Salvaje - Grand Krust\" \/>\n<meta property=\"og:description\" content=\"Ovunque sia il miglior pesce del mondo, la nostra moderna flotta di barche lo pesca e lo surgela in alto mare nelle migliori condizioni in modo da garantire la qualit\u00e0 e le propriet\u00e0 del gambero fresco pi\u00f9 squisito. MARE DI\" \/>\n<meta property=\"og:url\" content=\"https:\/\/www.grandkrust.com\/it\/la-nostra-flotta\" \/>\n<meta property=\"og:site_name\" content=\"Marisco y Pescado Salvaje - Grand Krust\" \/>\n<meta property=\"article:modified_time\" content=\"2015-05-18T16:40:54+00:00\" \/>\n<meta property=\"og:image\" content=\"https:\/\/www.grandkrust.com\/wp-content\/uploads\/2015\/01\/mapa-pagina-nuestra-flota.jpg\" \/>\n<meta name=\"twitter:card\" content=\"summary_large_image\" \/>\n<meta name=\"twitter:label1\" content=\"Tempo di lettura stimato\" \/>\n\t<meta name=\"twitter:data1\" content=\"2 minuti\" \/>\n<script type=\"application\/ld+json\" class=\"yoast-schema-graph\">{\"@context\":\"https:\/\/schema.org\",\"@graph\":[{\"@type\":\"WebPage\",\"@id\":\"https:\/\/www.grandkrust.com\/it\/la-nostra-flotta\",\"url\":\"https:\/\/www.grandkrust.com\/it\/la-nostra-flotta\",\"name\":\"La nostra flotta - Marisco y Pescado Salvaje - Grand Krust\",\"isPartOf\":{\"@id\":\"https:\/\/www.grandkrust.com\/it#website\"},\"primaryImageOfPage\":{\"@id\":\"https:\/\/www.grandkrust.com\/it\/la-nostra-flotta#primaryimage\"},\"image\":{\"@id\":\"https:\/\/www.grandkrust.com\/it\/la-nostra-flotta#primaryimage\"},\"thumbnailUrl\":\"https:\/\/www.grandkrust.com\/wp-content\/uploads\/2015\/01\/mapa-pagina-nuestra-flota.jpg\",\"datePublished\":\"2015-03-01T14:49:21+00:00\",\"dateModified\":\"2015-05-18T16:40:54+00:00\",\"breadcrumb\":{\"@id\":\"https:\/\/www.grandkrust.com\/it\/la-nostra-flotta#breadcrumb\"},\"inLanguage\":\"it-IT\",\"potentialAction\":[{\"@type\":\"ReadAction\",\"target\":[\"https:\/\/www.grandkrust.com\/it\/la-nostra-flotta\"]}]},{\"@type\":\"ImageObject\",\"inLanguage\":\"it-IT\",\"@id\":\"https:\/\/www.grandkrust.com\/it\/la-nostra-flotta#primaryimage\",\"url\":\"https:\/\/www.grandkrust.com\/wp-content\/uploads\/2015\/01\/mapa-pagina-nuestra-flota.jpg\",\"contentUrl\":\"https:\/\/www.grandkrust.com\/wp-content\/uploads\/2015\/01\/mapa-pagina-nuestra-flota.jpg\"},{\"@type\":\"BreadcrumbList\",\"@id\":\"https:\/\/www.grandkrust.com\/it\/la-nostra-flotta#breadcrumb\",\"itemListElement\":[{\"@type\":\"ListItem\",\"position\":1,\"name\":\"Portada\",\"item\":\"https:\/\/www.grandkrust.com\/it\"},{\"@type\":\"ListItem\",\"position\":2,\"name\":\"La nostra flotta\"}]},{\"@type\":\"WebSite\",\"@id\":\"https:\/\/www.grandkrust.com\/it#website\",\"url\":\"https:\/\/www.grandkrust.com\/it\",\"name\":\"Marisco y Pescado Salvaje - Grand Krust\",\"description\":\"\",\"publisher\":{\"@id\":\"https:\/\/www.grandkrust.com\/it#organization\"},\"potentialAction\":[{\"@type\":\"SearchAction\",\"target\":{\"@type\":\"EntryPoint\",\"urlTemplate\":\"https:\/\/www.grandkrust.com\/it?s={search_term_string}\"},\"query-input\":{\"@type\":\"PropertyValueSpecification\",\"valueRequired\":true,\"valueName\":\"search_term_string\"}}],\"inLanguage\":\"it-IT\"},{\"@type\":\"Organization\",\"@id\":\"https:\/\/www.grandkrust.com\/it#organization\",\"name\":\"GrandKrust\",\"alternateName\":\"Grand Krust\",\"url\":\"https:\/\/www.grandkrust.com\/it\",\"logo\":{\"@type\":\"ImageObject\",\"inLanguage\":\"it-IT\",\"@id\":\"https:\/\/www.grandkrust.com\/it#\/schema\/logo\/image\/\",\"url\":\"https:\/\/www.grandkrust.com\/wp-content\/uploads\/2024\/09\/cropped-GK_logo-2.jpeg\",\"contentUrl\":\"https:\/\/www.grandkrust.com\/wp-content\/uploads\/2024\/09\/cropped-GK_logo-2.jpeg\",\"width\":512,\"height\":512,\"caption\":\"GrandKrust\"},\"image\":{\"@id\":\"https:\/\/www.grandkrust.com\/it#\/schema\/logo\/image\/\"},\"sameAs\":[\"https:\/\/www.instagram.com\/grandkrust\/\",\"https:\/\/www.tiktok.com\/@grandkrust\",\"https:\/\/www.youtube.com\/c\/GrandKrust\"]}]}<\/script>\n<!-- \/ Yoast SEO plugin. -->","yoast_head_json":{"title":"La nostra flotta - Marisco y Pescado Salvaje - Grand Krust","robots":{"index":"index","follow":"follow","max-snippet":"max-snippet:-1","max-image-preview":"max-image-preview:large","max-video-preview":"max-video-preview:-1"},"canonical":"https:\/\/www.grandkrust.com\/it\/la-nostra-flotta","og_locale":"it_IT","og_type":"article","og_title":"La nostra flotta - Marisco y Pescado Salvaje - Grand Krust","og_description":"Ovunque sia il miglior pesce del mondo, la nostra moderna flotta di barche lo pesca e lo surgela in alto mare nelle migliori condizioni in modo da garantire la qualit\u00e0 e le propriet\u00e0 del gambero fresco pi\u00f9 squisito. MARE DI","og_url":"https:\/\/www.grandkrust.com\/it\/la-nostra-flotta","og_site_name":"Marisco y Pescado Salvaje - Grand Krust","article_modified_time":"2015-05-18T16:40:54+00:00","og_image":[{"url":"https:\/\/www.grandkrust.com\/wp-content\/uploads\/2015\/01\/mapa-pagina-nuestra-flota.jpg"}],"twitter_card":"summary_large_image","twitter_misc":{"Tempo di lettura stimato":"2 minuti"},"schema":{"@context":"https:\/\/schema.org","@graph":[{"@type":"WebPage","@id":"https:\/\/www.grandkrust.com\/it\/la-nostra-flotta","url":"https:\/\/www.grandkrust.com\/it\/la-nostra-flotta","name":"La nostra flotta - Marisco y Pescado Salvaje - Grand Krust","isPartOf":{"@id":"https:\/\/www.grandkrust.com\/it#website"},"primaryImageOfPage":{"@id":"https:\/\/www.grandkrust.com\/it\/la-nostra-flotta#primaryimage"},"image":{"@id":"https:\/\/www.grandkrust.com\/it\/la-nostra-flotta#primaryimage"},"thumbnailUrl":"https:\/\/www.grandkrust.com\/wp-content\/uploads\/2015\/01\/mapa-pagina-nuestra-flota.jpg","datePublished":"2015-03-01T14:49:21+00:00","dateModified":"2015-05-18T16:40:54+00:00","breadcrumb":{"@id":"https:\/\/www.grandkrust.com\/it\/la-nostra-flotta#breadcrumb"},"inLanguage":"it-IT","potentialAction":[{"@type":"ReadAction","target":["https:\/\/www.grandkrust.com\/it\/la-nostra-flotta"]}]},{"@type":"ImageObject","inLanguage":"it-IT","@id":"https:\/\/www.grandkrust.com\/it\/la-nostra-flotta#primaryimage","url":"https:\/\/www.grandkrust.com\/wp-content\/uploads\/2015\/01\/mapa-pagina-nuestra-flota.jpg","contentUrl":"https:\/\/www.grandkrust.com\/wp-content\/uploads\/2015\/01\/mapa-pagina-nuestra-flota.jpg"},{"@type":"BreadcrumbList","@id":"https:\/\/www.grandkrust.com\/it\/la-nostra-flotta#breadcrumb","itemListElement":[{"@type":"ListItem","position":1,"name":"Portada","item":"https:\/\/www.grandkrust.com\/it"},{"@type":"ListItem","position":2,"name":"La nostra flotta"}]},{"@type":"WebSite","@id":"https:\/\/www.grandkrust.com\/it#website","url":"https:\/\/www.grandkrust.com\/it","name":"Marisco y Pescado Salvaje - Grand Krust","description":"","publisher":{"@id":"https:\/\/www.grandkrust.com\/it#organization"},"potentialAction":[{"@type":"SearchAction","target":{"@type":"EntryPoint","urlTemplate":"https:\/\/www.grandkrust.com\/it?s={search_term_string}"},"query-input":{"@type":"PropertyValueSpecification","valueRequired":true,"valueName":"search_term_string"}}],"inLanguage":"it-IT"},{"@type":"Organization","@id":"https:\/\/www.grandkrust.com\/it#organization","name":"GrandKrust","alternateName":"Grand Krust","url":"https:\/\/www.grandkrust.com\/it","logo":{"@type":"ImageObject","inLanguage":"it-IT","@id":"https:\/\/www.grandkrust.com\/it#\/schema\/logo\/image\/","url":"https:\/\/www.grandkrust.com\/wp-content\/uploads\/2024\/09\/cropped-GK_logo-2.jpeg","contentUrl":"https:\/\/www.grandkrust.com\/wp-content\/uploads\/2024\/09\/cropped-GK_logo-2.jpeg","width":512,"height":512,"caption":"GrandKrust"},"image":{"@id":"https:\/\/www.grandkrust.com\/it#\/schema\/logo\/image\/"},"sameAs":["https:\/\/www.instagram.com\/grandkrust\/","https:\/\/www.tiktok.com\/@grandkrust","https:\/\/www.youtube.com\/c\/GrandKrust"]}]}},"_links":{"self":[{"href":"https:\/\/www.grandkrust.com\/it\/wp-json\/wp\/v2\/pages\/1700"}],"collection":[{"href":"https:\/\/www.grandkrust.com\/it\/wp-json\/wp\/v2\/pages"}],"about":[{"href":"https:\/\/www.grandkrust.com\/it\/wp-json\/wp\/v2\/types\/page"}],"author":[{"embeddable":true,"href":"https:\/\/www.grandkrust.com\/it\/wp-json\/wp\/v2\/users\/1"}],"replies":[{"embeddable":true,"href":"https:\/\/www.grandkrust.com\/it\/wp-json\/wp\/v2\/comments?post=1700"}],"version-history":[{"count":6,"href":"https:\/\/www.grandkrust.com\/it\/wp-json\/wp\/v2\/pages\/1700\/revisions"}],"predecessor-version":[{"id":2129,"href":"https:\/\/www.grandkrust.com\/it\/wp-json\/wp\/v2\/pages\/1700\/revisions\/2129"}],"wp:attachment":[{"href":"https:\/\/www.grandkrust.com\/it\/wp-json\/wp\/v2\/media?parent=1700"}],"curies":[{"name":"wp","href":"https:\/\/api.w.org\/{rel}","templated":true}]}}