{"id":1676,"date":"2015-01-21T15:29:26","date_gmt":"2015-01-21T15:29:26","guid":{"rendered":"http:\/\/www.grandkrust.com\/?page_id=1676"},"modified":"2024-10-21T08:37:16","modified_gmt":"2024-10-21T08:37:16","slug":"pesca-sostenibile","status":"publish","type":"page","link":"https:\/\/www.grandkrust.com\/it\/pesca-sostenibile","title":{"rendered":"Pesca sostenibile"},"content":{"rendered":"<h2>Il Futuro \u00e8 nel mare<\/h2>\n<p>In Grand Krust scommettiamo sui frutti di mare e sul pesce selvatico perch\u00e9 \u00e8 garanzia di miglior sapore e consistenza. Appena catturato allo stato selvatico, viene selezionato nelle stesse navi officina, viene surgelato e lavorato a bordo secondo\u00a0 le tecniche pi\u00f9 avanzate, seguendo uno stretto controllo di qualit\u00e0 durante tutto il processo.<\/p>\n<p>&nbsp;<\/p>\n<p>Tutto questo rispettando l\u2019ambiente e praticando una pesca sostenibile. Peschiamo specie selvatiche, sempre in zone di pesca sostenibili, utilizzando attrezzi di pesca specifici e minimizzando l\u2019impatto sull\u2019ambiente marino e sulla biodiversit\u00e0.<\/p>\n<p>&nbsp;<\/p>\n<p><strong>Peschiamo qualit\u00e0, peschiamo con responsabilit\u00e0.\u00a0<\/strong><\/p>\n<p><img loading=\"lazy\" decoding=\"async\" class=\"alignnone size-full wp-image-364\" src=\"https:\/\/www.grandkrust.com\/wp-content\/uploads\/2015\/01\/foto-pagina-pesca-sostenible.jpg\" alt=\"foto-pagina-pesca-sostenible\" width=\"801\" height=\"434\" srcset=\"https:\/\/www.grandkrust.com\/wp-content\/uploads\/2015\/01\/foto-pagina-pesca-sostenible.jpg 801w, https:\/\/www.grandkrust.com\/wp-content\/uploads\/2015\/01\/foto-pagina-pesca-sostenible-430x233.jpg 430w, https:\/\/www.grandkrust.com\/wp-content\/uploads\/2015\/01\/foto-pagina-pesca-sostenible-768x416.jpg 768w, https:\/\/www.grandkrust.com\/wp-content\/uploads\/2015\/01\/foto-pagina-pesca-sostenible-780x423.jpg 780w, https:\/\/www.grandkrust.com\/wp-content\/uploads\/2015\/01\/foto-pagina-pesca-sostenible-250x135.jpg 250w\" sizes=\"(max-width: 801px) 100vw, 801px\" \/><\/p>\n","protected":false},"excerpt":{"rendered":"<p>Il Futuro \u00e8 nel mare In Grand Krust scommettiamo sui frutti di mare e sul pesce selvatico perch\u00e9 \u00e8 garanzia di miglior sapore e consistenza. Appena catturato allo stato selvatico, viene selezionato nelle stesse navi officina, viene surgelato e lavorato<\/p>\n","protected":false},"author":1,"featured_media":0,"parent":0,"menu_order":0,"comment_status":"closed","ping_status":"open","template":"page-paginas-especiales.php","meta":{"inline_featured_image":false,"_glsr_average":0,"_glsr_ranking":0,"_glsr_reviews":0,"footnotes":""},"class_list":["post-1676","page","type-page","status-publish","hentry"],"yoast_head":"<!-- This site is optimized with the Yoast SEO plugin v23.6 - https:\/\/yoast.com\/wordpress\/plugins\/seo\/ -->\n<title>Pesca sostenibile - Marisco y Pescado Salvaje - Grand Krust<\/title>\n<meta name=\"robots\" content=\"noindex, follow\" \/>\n<meta property=\"og:locale\" content=\"it_IT\" \/>\n<meta property=\"og:type\" content=\"article\" \/>\n<meta property=\"og:title\" content=\"Pesca sostenibile - Marisco y Pescado Salvaje - Grand Krust\" \/>\n<meta property=\"og:description\" content=\"Il Futuro \u00e8 nel mare In Grand Krust scommettiamo sui frutti di mare e sul pesce selvatico perch\u00e9 \u00e8 garanzia di miglior sapore e consistenza. Appena catturato allo stato selvatico, viene selezionato nelle stesse navi officina, viene surgelato e lavorato\" \/>\n<meta property=\"og:url\" content=\"https:\/\/www.grandkrust.com\/it\/pesca-sostenibile\" \/>\n<meta property=\"og:site_name\" content=\"Marisco y Pescado Salvaje - Grand Krust\" \/>\n<meta property=\"article:modified_time\" content=\"2024-10-21T08:37:16+00:00\" \/>\n<meta property=\"og:image\" content=\"https:\/\/www.grandkrust.com\/wp-content\/uploads\/2015\/01\/foto-pagina-pesca-sostenible.jpg\" \/>\n\t<meta property=\"og:image:width\" content=\"801\" \/>\n\t<meta property=\"og:image:height\" content=\"434\" \/>\n\t<meta property=\"og:image:type\" content=\"image\/jpeg\" \/>\n<meta name=\"twitter:card\" content=\"summary_large_image\" \/>\n<meta name=\"twitter:label1\" content=\"Tempo di lettura stimato\" \/>\n\t<meta name=\"twitter:data1\" content=\"1 minuto\" \/>\n<script type=\"application\/ld+json\" class=\"yoast-schema-graph\">{\"@context\":\"https:\/\/schema.org\",\"@graph\":[{\"@type\":\"WebPage\",\"@id\":\"https:\/\/www.grandkrust.com\/it\/pesca-sostenibile\",\"url\":\"https:\/\/www.grandkrust.com\/it\/pesca-sostenibile\",\"name\":\"Pesca sostenibile - Marisco y Pescado Salvaje - Grand Krust\",\"isPartOf\":{\"@id\":\"https:\/\/www.grandkrust.com\/it#website\"},\"primaryImageOfPage\":{\"@id\":\"https:\/\/www.grandkrust.com\/it\/pesca-sostenibile#primaryimage\"},\"image\":{\"@id\":\"https:\/\/www.grandkrust.com\/it\/pesca-sostenibile#primaryimage\"},\"thumbnailUrl\":\"https:\/\/www.grandkrust.com\/wp-content\/uploads\/2015\/01\/foto-pagina-pesca-sostenible.jpg\",\"datePublished\":\"2015-01-21T15:29:26+00:00\",\"dateModified\":\"2024-10-21T08:37:16+00:00\",\"breadcrumb\":{\"@id\":\"https:\/\/www.grandkrust.com\/it\/pesca-sostenibile#breadcrumb\"},\"inLanguage\":\"it-IT\",\"potentialAction\":[{\"@type\":\"ReadAction\",\"target\":[\"https:\/\/www.grandkrust.com\/it\/pesca-sostenibile\"]}]},{\"@type\":\"ImageObject\",\"inLanguage\":\"it-IT\",\"@id\":\"https:\/\/www.grandkrust.com\/it\/pesca-sostenibile#primaryimage\",\"url\":\"https:\/\/www.grandkrust.com\/wp-content\/uploads\/2015\/01\/foto-pagina-pesca-sostenible.jpg\",\"contentUrl\":\"https:\/\/www.grandkrust.com\/wp-content\/uploads\/2015\/01\/foto-pagina-pesca-sostenible.jpg\"},{\"@type\":\"BreadcrumbList\",\"@id\":\"https:\/\/www.grandkrust.com\/it\/pesca-sostenibile#breadcrumb\",\"itemListElement\":[{\"@type\":\"ListItem\",\"position\":1,\"name\":\"Portada\",\"item\":\"https:\/\/www.grandkrust.com\/it\"},{\"@type\":\"ListItem\",\"position\":2,\"name\":\"Pesca sostenibile\"}]},{\"@type\":\"WebSite\",\"@id\":\"https:\/\/www.grandkrust.com\/it#website\",\"url\":\"https:\/\/www.grandkrust.com\/it\",\"name\":\"Marisco y Pescado Salvaje - Grand Krust\",\"description\":\"\",\"publisher\":{\"@id\":\"https:\/\/www.grandkrust.com\/it#organization\"},\"potentialAction\":[{\"@type\":\"SearchAction\",\"target\":{\"@type\":\"EntryPoint\",\"urlTemplate\":\"https:\/\/www.grandkrust.com\/it?s={search_term_string}\"},\"query-input\":{\"@type\":\"PropertyValueSpecification\",\"valueRequired\":true,\"valueName\":\"search_term_string\"}}],\"inLanguage\":\"it-IT\"},{\"@type\":\"Organization\",\"@id\":\"https:\/\/www.grandkrust.com\/it#organization\",\"name\":\"GrandKrust\",\"alternateName\":\"Grand Krust\",\"url\":\"https:\/\/www.grandkrust.com\/it\",\"logo\":{\"@type\":\"ImageObject\",\"inLanguage\":\"it-IT\",\"@id\":\"https:\/\/www.grandkrust.com\/it#\/schema\/logo\/image\/\",\"url\":\"https:\/\/www.grandkrust.com\/wp-content\/uploads\/2024\/09\/cropped-GK_logo-2.jpeg\",\"contentUrl\":\"https:\/\/www.grandkrust.com\/wp-content\/uploads\/2024\/09\/cropped-GK_logo-2.jpeg\",\"width\":512,\"height\":512,\"caption\":\"GrandKrust\"},\"image\":{\"@id\":\"https:\/\/www.grandkrust.com\/it#\/schema\/logo\/image\/\"},\"sameAs\":[\"https:\/\/www.instagram.com\/grandkrust\/\",\"https:\/\/www.tiktok.com\/@grandkrust\",\"https:\/\/www.youtube.com\/c\/GrandKrust\"]}]}<\/script>\n<!-- \/ Yoast SEO plugin. -->","yoast_head_json":{"title":"Pesca sostenibile - Marisco y Pescado Salvaje - Grand Krust","robots":{"index":"noindex","follow":"follow"},"og_locale":"it_IT","og_type":"article","og_title":"Pesca sostenibile - Marisco y Pescado Salvaje - Grand Krust","og_description":"Il Futuro \u00e8 nel mare In Grand Krust scommettiamo sui frutti di mare e sul pesce selvatico perch\u00e9 \u00e8 garanzia di miglior sapore e consistenza. Appena catturato allo stato selvatico, viene selezionato nelle stesse navi officina, viene surgelato e lavorato","og_url":"https:\/\/www.grandkrust.com\/it\/pesca-sostenibile","og_site_name":"Marisco y Pescado Salvaje - Grand Krust","article_modified_time":"2024-10-21T08:37:16+00:00","og_image":[{"width":801,"height":434,"url":"https:\/\/www.grandkrust.com\/wp-content\/uploads\/2015\/01\/foto-pagina-pesca-sostenible.jpg","type":"image\/jpeg"}],"twitter_card":"summary_large_image","twitter_misc":{"Tempo di lettura stimato":"1 minuto"},"schema":{"@context":"https:\/\/schema.org","@graph":[{"@type":"WebPage","@id":"https:\/\/www.grandkrust.com\/it\/pesca-sostenibile","url":"https:\/\/www.grandkrust.com\/it\/pesca-sostenibile","name":"Pesca sostenibile - Marisco y Pescado Salvaje - Grand Krust","isPartOf":{"@id":"https:\/\/www.grandkrust.com\/it#website"},"primaryImageOfPage":{"@id":"https:\/\/www.grandkrust.com\/it\/pesca-sostenibile#primaryimage"},"image":{"@id":"https:\/\/www.grandkrust.com\/it\/pesca-sostenibile#primaryimage"},"thumbnailUrl":"https:\/\/www.grandkrust.com\/wp-content\/uploads\/2015\/01\/foto-pagina-pesca-sostenible.jpg","datePublished":"2015-01-21T15:29:26+00:00","dateModified":"2024-10-21T08:37:16+00:00","breadcrumb":{"@id":"https:\/\/www.grandkrust.com\/it\/pesca-sostenibile#breadcrumb"},"inLanguage":"it-IT","potentialAction":[{"@type":"ReadAction","target":["https:\/\/www.grandkrust.com\/it\/pesca-sostenibile"]}]},{"@type":"ImageObject","inLanguage":"it-IT","@id":"https:\/\/www.grandkrust.com\/it\/pesca-sostenibile#primaryimage","url":"https:\/\/www.grandkrust.com\/wp-content\/uploads\/2015\/01\/foto-pagina-pesca-sostenible.jpg","contentUrl":"https:\/\/www.grandkrust.com\/wp-content\/uploads\/2015\/01\/foto-pagina-pesca-sostenible.jpg"},{"@type":"BreadcrumbList","@id":"https:\/\/www.grandkrust.com\/it\/pesca-sostenibile#breadcrumb","itemListElement":[{"@type":"ListItem","position":1,"name":"Portada","item":"https:\/\/www.grandkrust.com\/it"},{"@type":"ListItem","position":2,"name":"Pesca sostenibile"}]},{"@type":"WebSite","@id":"https:\/\/www.grandkrust.com\/it#website","url":"https:\/\/www.grandkrust.com\/it","name":"Marisco y Pescado Salvaje - Grand Krust","description":"","publisher":{"@id":"https:\/\/www.grandkrust.com\/it#organization"},"potentialAction":[{"@type":"SearchAction","target":{"@type":"EntryPoint","urlTemplate":"https:\/\/www.grandkrust.com\/it?s={search_term_string}"},"query-input":{"@type":"PropertyValueSpecification","valueRequired":true,"valueName":"search_term_string"}}],"inLanguage":"it-IT"},{"@type":"Organization","@id":"https:\/\/www.grandkrust.com\/it#organization","name":"GrandKrust","alternateName":"Grand Krust","url":"https:\/\/www.grandkrust.com\/it","logo":{"@type":"ImageObject","inLanguage":"it-IT","@id":"https:\/\/www.grandkrust.com\/it#\/schema\/logo\/image\/","url":"https:\/\/www.grandkrust.com\/wp-content\/uploads\/2024\/09\/cropped-GK_logo-2.jpeg","contentUrl":"https:\/\/www.grandkrust.com\/wp-content\/uploads\/2024\/09\/cropped-GK_logo-2.jpeg","width":512,"height":512,"caption":"GrandKrust"},"image":{"@id":"https:\/\/www.grandkrust.com\/it#\/schema\/logo\/image\/"},"sameAs":["https:\/\/www.instagram.com\/grandkrust\/","https:\/\/www.tiktok.com\/@grandkrust","https:\/\/www.youtube.com\/c\/GrandKrust"]}]}},"_links":{"self":[{"href":"https:\/\/www.grandkrust.com\/it\/wp-json\/wp\/v2\/pages\/1676"}],"collection":[{"href":"https:\/\/www.grandkrust.com\/it\/wp-json\/wp\/v2\/pages"}],"about":[{"href":"https:\/\/www.grandkrust.com\/it\/wp-json\/wp\/v2\/types\/page"}],"author":[{"embeddable":true,"href":"https:\/\/www.grandkrust.com\/it\/wp-json\/wp\/v2\/users\/1"}],"replies":[{"embeddable":true,"href":"https:\/\/www.grandkrust.com\/it\/wp-json\/wp\/v2\/comments?post=1676"}],"version-history":[{"count":10,"href":"https:\/\/www.grandkrust.com\/it\/wp-json\/wp\/v2\/pages\/1676\/revisions"}],"predecessor-version":[{"id":5064,"href":"https:\/\/www.grandkrust.com\/it\/wp-json\/wp\/v2\/pages\/1676\/revisions\/5064"}],"wp:attachment":[{"href":"https:\/\/www.grandkrust.com\/it\/wp-json\/wp\/v2\/media?parent=1676"}],"curies":[{"name":"wp","href":"https:\/\/api.w.org\/{rel}","templated":true}]}}