{"id":1658,"date":"2015-01-21T15:27:38","date_gmt":"2015-01-21T15:27:38","guid":{"rendered":"http:\/\/www.grandkrust.com\/?page_id=1658"},"modified":"2015-05-15T15:22:04","modified_gmt":"2015-05-15T15:22:04","slug":"storia","status":"publish","type":"page","link":"https:\/\/www.grandkrust.com\/it\/storia","title":{"rendered":"Storia"},"content":{"rendered":"<p>La nostra attivit\u00e0 commerciale nasce nella met\u00e0 degli anni 70 per rispondere alle necessit\u00e0 sempre pi\u00f9 crescenti di commercializzazione del pesce pescato dalla nostra Flotta: nascono Mayorista Pesca del Sur, D.A. e Fri\u00f2 Condal S.A.<\/p>\n<p>La prima incentr\u00f2 la sua attivit\u00e0 all\u2019interno del mercato nazionale, mentre Frio Condal S.A. si consolid\u00f2 come l\u2019azienda con maggior vocazione internazionale del Gruppo Amasua.<\/p>\n<p>Il ramo commerciale si rafforza con la creazione, nel 1988, della Krustasur S.A. specializzata nella lavorazione di diverse specie nei suoi moderni stabilimenti situati in Barcellona. Nel 2001, il Gruppo Amasua culmina la sua strategia aziendale nel settore commerciale del pesce e dei prodotti ittici surgelati con Krustagroup S.A.U, azienda che ricomprende in un\u2019unica compagnia Mayorista Pesca del Sur D.A e Frio Condal S.A.<\/p>\n<p>Nel 2003 Krustagroup lancia nel mercato Grand Krust, un marchio di prima qualit\u00e0 rivolto al consumatore finale in cerca della qualit\u00e0 e del piacere dei migliori frutti di mare.<\/p>\n<p>Attualmente, Grand Krust \u00e8 gi\u00e0 un marchio leader nel comparto del gambero surgelato che viene commercializzato in tutto il mondo, fatturando pi\u00f9 di 17 milioni di Euro con crescite annuali a due cifre.<\/p>\n<p>Il gambero viene selezionato appena catturato in alto mare, allo stato selvatico e nelle stesse navi- officina, viene congelato e trasformato a bordo con le tecniche pi\u00f9 avanzate, mantenendo un rigoroso controllo qualit\u00e0 durante tutto il processo.<\/p>\n","protected":false},"excerpt":{"rendered":"<p>La nostra attivit\u00e0 commerciale nasce nella met\u00e0 degli anni 70 per rispondere alle necessit\u00e0 sempre pi\u00f9 crescenti di commercializzazione del pesce pescato dalla nostra Flotta: nascono Mayorista Pesca del Sur, D.A. e Fri\u00f2 Condal S.A. La prima incentr\u00f2 la sua<\/p>\n","protected":false},"author":1,"featured_media":1558,"parent":0,"menu_order":0,"comment_status":"closed","ping_status":"open","template":"page-paginas-especiales.php","meta":{"inline_featured_image":false,"_glsr_average":0,"_glsr_ranking":0,"_glsr_reviews":0,"footnotes":""},"class_list":["post-1658","page","type-page","status-publish","has-post-thumbnail","hentry"],"yoast_head":"<!-- This site is optimized with the Yoast SEO plugin v23.6 - https:\/\/yoast.com\/wordpress\/plugins\/seo\/ -->\n<title>Storia - Marisco y Pescado Salvaje - Grand Krust<\/title>\n<meta name=\"robots\" content=\"index, follow, max-snippet:-1, max-image-preview:large, max-video-preview:-1\" \/>\n<link rel=\"canonical\" href=\"https:\/\/www.grandkrust.com\/it\/storia\" \/>\n<meta property=\"og:locale\" content=\"it_IT\" \/>\n<meta property=\"og:type\" content=\"article\" \/>\n<meta property=\"og:title\" content=\"Storia - Marisco y Pescado Salvaje - Grand Krust\" \/>\n<meta property=\"og:description\" content=\"La nostra attivit\u00e0 commerciale nasce nella met\u00e0 degli anni 70 per rispondere alle necessit\u00e0 sempre pi\u00f9 crescenti di commercializzazione del pesce pescato dalla nostra Flotta: nascono Mayorista Pesca del Sur, D.A. e Fri\u00f2 Condal S.A. La prima incentr\u00f2 la sua\" \/>\n<meta property=\"og:url\" content=\"https:\/\/www.grandkrust.com\/it\/storia\" \/>\n<meta property=\"og:site_name\" content=\"Marisco y Pescado Salvaje - Grand Krust\" \/>\n<meta property=\"article:modified_time\" content=\"2015-05-15T15:22:04+00:00\" \/>\n<meta property=\"og:image\" content=\"https:\/\/www.grandkrust.com\/wp-content\/uploads\/2015\/01\/bodegon.jpg\" \/>\n\t<meta property=\"og:image:width\" content=\"1191\" \/>\n\t<meta property=\"og:image:height\" content=\"585\" \/>\n\t<meta property=\"og:image:type\" content=\"image\/jpeg\" \/>\n<meta name=\"twitter:card\" content=\"summary_large_image\" \/>\n<meta name=\"twitter:label1\" content=\"Tempo di lettura stimato\" \/>\n\t<meta name=\"twitter:data1\" content=\"1 minuto\" \/>\n<script type=\"application\/ld+json\" class=\"yoast-schema-graph\">{\"@context\":\"https:\/\/schema.org\",\"@graph\":[{\"@type\":\"WebPage\",\"@id\":\"https:\/\/www.grandkrust.com\/it\/storia\",\"url\":\"https:\/\/www.grandkrust.com\/it\/storia\",\"name\":\"Storia - Marisco y Pescado Salvaje - Grand Krust\",\"isPartOf\":{\"@id\":\"https:\/\/www.grandkrust.com\/it#website\"},\"primaryImageOfPage\":{\"@id\":\"https:\/\/www.grandkrust.com\/it\/storia#primaryimage\"},\"image\":{\"@id\":\"https:\/\/www.grandkrust.com\/it\/storia#primaryimage\"},\"thumbnailUrl\":\"https:\/\/www.grandkrust.com\/wp-content\/uploads\/2015\/01\/bodegon.jpg\",\"datePublished\":\"2015-01-21T15:27:38+00:00\",\"dateModified\":\"2015-05-15T15:22:04+00:00\",\"breadcrumb\":{\"@id\":\"https:\/\/www.grandkrust.com\/it\/storia#breadcrumb\"},\"inLanguage\":\"it-IT\",\"potentialAction\":[{\"@type\":\"ReadAction\",\"target\":[\"https:\/\/www.grandkrust.com\/it\/storia\"]}]},{\"@type\":\"ImageObject\",\"inLanguage\":\"it-IT\",\"@id\":\"https:\/\/www.grandkrust.com\/it\/storia#primaryimage\",\"url\":\"https:\/\/www.grandkrust.com\/wp-content\/uploads\/2015\/01\/bodegon.jpg\",\"contentUrl\":\"https:\/\/www.grandkrust.com\/wp-content\/uploads\/2015\/01\/bodegon.jpg\",\"width\":1191,\"height\":585},{\"@type\":\"BreadcrumbList\",\"@id\":\"https:\/\/www.grandkrust.com\/it\/storia#breadcrumb\",\"itemListElement\":[{\"@type\":\"ListItem\",\"position\":1,\"name\":\"Portada\",\"item\":\"https:\/\/www.grandkrust.com\/it\"},{\"@type\":\"ListItem\",\"position\":2,\"name\":\"Storia\"}]},{\"@type\":\"WebSite\",\"@id\":\"https:\/\/www.grandkrust.com\/it#website\",\"url\":\"https:\/\/www.grandkrust.com\/it\",\"name\":\"Marisco y Pescado Salvaje - Grand Krust\",\"description\":\"\",\"publisher\":{\"@id\":\"https:\/\/www.grandkrust.com\/it#organization\"},\"potentialAction\":[{\"@type\":\"SearchAction\",\"target\":{\"@type\":\"EntryPoint\",\"urlTemplate\":\"https:\/\/www.grandkrust.com\/it?s={search_term_string}\"},\"query-input\":{\"@type\":\"PropertyValueSpecification\",\"valueRequired\":true,\"valueName\":\"search_term_string\"}}],\"inLanguage\":\"it-IT\"},{\"@type\":\"Organization\",\"@id\":\"https:\/\/www.grandkrust.com\/it#organization\",\"name\":\"GrandKrust\",\"alternateName\":\"Grand Krust\",\"url\":\"https:\/\/www.grandkrust.com\/it\",\"logo\":{\"@type\":\"ImageObject\",\"inLanguage\":\"it-IT\",\"@id\":\"https:\/\/www.grandkrust.com\/it#\/schema\/logo\/image\/\",\"url\":\"https:\/\/www.grandkrust.com\/wp-content\/uploads\/2024\/09\/cropped-GK_logo-2.jpeg\",\"contentUrl\":\"https:\/\/www.grandkrust.com\/wp-content\/uploads\/2024\/09\/cropped-GK_logo-2.jpeg\",\"width\":512,\"height\":512,\"caption\":\"GrandKrust\"},\"image\":{\"@id\":\"https:\/\/www.grandkrust.com\/it#\/schema\/logo\/image\/\"},\"sameAs\":[\"https:\/\/www.instagram.com\/grandkrust\/\",\"https:\/\/www.tiktok.com\/@grandkrust\",\"https:\/\/www.youtube.com\/c\/GrandKrust\"]}]}<\/script>\n<!-- \/ Yoast SEO plugin. -->","yoast_head_json":{"title":"Storia - Marisco y Pescado Salvaje - Grand Krust","robots":{"index":"index","follow":"follow","max-snippet":"max-snippet:-1","max-image-preview":"max-image-preview:large","max-video-preview":"max-video-preview:-1"},"canonical":"https:\/\/www.grandkrust.com\/it\/storia","og_locale":"it_IT","og_type":"article","og_title":"Storia - Marisco y Pescado Salvaje - Grand Krust","og_description":"La nostra attivit\u00e0 commerciale nasce nella met\u00e0 degli anni 70 per rispondere alle necessit\u00e0 sempre pi\u00f9 crescenti di commercializzazione del pesce pescato dalla nostra Flotta: nascono Mayorista Pesca del Sur, D.A. e Fri\u00f2 Condal S.A. La prima incentr\u00f2 la sua","og_url":"https:\/\/www.grandkrust.com\/it\/storia","og_site_name":"Marisco y Pescado Salvaje - Grand Krust","article_modified_time":"2015-05-15T15:22:04+00:00","og_image":[{"width":1191,"height":585,"url":"https:\/\/www.grandkrust.com\/wp-content\/uploads\/2015\/01\/bodegon.jpg","type":"image\/jpeg"}],"twitter_card":"summary_large_image","twitter_misc":{"Tempo di lettura stimato":"1 minuto"},"schema":{"@context":"https:\/\/schema.org","@graph":[{"@type":"WebPage","@id":"https:\/\/www.grandkrust.com\/it\/storia","url":"https:\/\/www.grandkrust.com\/it\/storia","name":"Storia - Marisco y Pescado Salvaje - Grand Krust","isPartOf":{"@id":"https:\/\/www.grandkrust.com\/it#website"},"primaryImageOfPage":{"@id":"https:\/\/www.grandkrust.com\/it\/storia#primaryimage"},"image":{"@id":"https:\/\/www.grandkrust.com\/it\/storia#primaryimage"},"thumbnailUrl":"https:\/\/www.grandkrust.com\/wp-content\/uploads\/2015\/01\/bodegon.jpg","datePublished":"2015-01-21T15:27:38+00:00","dateModified":"2015-05-15T15:22:04+00:00","breadcrumb":{"@id":"https:\/\/www.grandkrust.com\/it\/storia#breadcrumb"},"inLanguage":"it-IT","potentialAction":[{"@type":"ReadAction","target":["https:\/\/www.grandkrust.com\/it\/storia"]}]},{"@type":"ImageObject","inLanguage":"it-IT","@id":"https:\/\/www.grandkrust.com\/it\/storia#primaryimage","url":"https:\/\/www.grandkrust.com\/wp-content\/uploads\/2015\/01\/bodegon.jpg","contentUrl":"https:\/\/www.grandkrust.com\/wp-content\/uploads\/2015\/01\/bodegon.jpg","width":1191,"height":585},{"@type":"BreadcrumbList","@id":"https:\/\/www.grandkrust.com\/it\/storia#breadcrumb","itemListElement":[{"@type":"ListItem","position":1,"name":"Portada","item":"https:\/\/www.grandkrust.com\/it"},{"@type":"ListItem","position":2,"name":"Storia"}]},{"@type":"WebSite","@id":"https:\/\/www.grandkrust.com\/it#website","url":"https:\/\/www.grandkrust.com\/it","name":"Marisco y Pescado Salvaje - Grand Krust","description":"","publisher":{"@id":"https:\/\/www.grandkrust.com\/it#organization"},"potentialAction":[{"@type":"SearchAction","target":{"@type":"EntryPoint","urlTemplate":"https:\/\/www.grandkrust.com\/it?s={search_term_string}"},"query-input":{"@type":"PropertyValueSpecification","valueRequired":true,"valueName":"search_term_string"}}],"inLanguage":"it-IT"},{"@type":"Organization","@id":"https:\/\/www.grandkrust.com\/it#organization","name":"GrandKrust","alternateName":"Grand Krust","url":"https:\/\/www.grandkrust.com\/it","logo":{"@type":"ImageObject","inLanguage":"it-IT","@id":"https:\/\/www.grandkrust.com\/it#\/schema\/logo\/image\/","url":"https:\/\/www.grandkrust.com\/wp-content\/uploads\/2024\/09\/cropped-GK_logo-2.jpeg","contentUrl":"https:\/\/www.grandkrust.com\/wp-content\/uploads\/2024\/09\/cropped-GK_logo-2.jpeg","width":512,"height":512,"caption":"GrandKrust"},"image":{"@id":"https:\/\/www.grandkrust.com\/it#\/schema\/logo\/image\/"},"sameAs":["https:\/\/www.instagram.com\/grandkrust\/","https:\/\/www.tiktok.com\/@grandkrust","https:\/\/www.youtube.com\/c\/GrandKrust"]}]}},"_links":{"self":[{"href":"https:\/\/www.grandkrust.com\/it\/wp-json\/wp\/v2\/pages\/1658"}],"collection":[{"href":"https:\/\/www.grandkrust.com\/it\/wp-json\/wp\/v2\/pages"}],"about":[{"href":"https:\/\/www.grandkrust.com\/it\/wp-json\/wp\/v2\/types\/page"}],"author":[{"embeddable":true,"href":"https:\/\/www.grandkrust.com\/it\/wp-json\/wp\/v2\/users\/1"}],"replies":[{"embeddable":true,"href":"https:\/\/www.grandkrust.com\/it\/wp-json\/wp\/v2\/comments?post=1658"}],"version-history":[{"count":5,"href":"https:\/\/www.grandkrust.com\/it\/wp-json\/wp\/v2\/pages\/1658\/revisions"}],"predecessor-version":[{"id":2087,"href":"https:\/\/www.grandkrust.com\/it\/wp-json\/wp\/v2\/pages\/1658\/revisions\/2087"}],"wp:featuredmedia":[{"embeddable":true,"href":"https:\/\/www.grandkrust.com\/it\/wp-json\/wp\/v2\/media\/1558"}],"wp:attachment":[{"href":"https:\/\/www.grandkrust.com\/it\/wp-json\/wp\/v2\/media?parent=1658"}],"curies":[{"name":"wp","href":"https:\/\/api.w.org\/{rel}","templated":true}]}}